{"id":15741,"date":"2026-01-13T19:40:19","date_gmt":"2026-01-13T19:40:19","guid":{"rendered":"https:\/\/nccdh-dev.media-doc.ca\/?page_id=15741"},"modified":"2026-01-30T16:12:54","modified_gmt":"2026-01-30T16:12:54","slug":"who-we-are","status":"publish","type":"page","link":"https:\/\/nccdh-dev.media-doc.ca\/fr\/about-us\/who-we-are\/","title":{"rendered":"Qui nous sommes"},"content":{"rendered":"\n<div class=\"wp-block-uagb-container uagb-block-39f2abd6 alignfull uagb-is-root-container\"><div class=\"uagb-container-inner-blocks-wrap\">\n<div class=\"wp-block-uagb-container uagb-block-86be4c12\">\n<h2 class=\"wp-block-heading\"><strong><strong>Nous aidons la communaut\u00e9 canadienne de la sant\u00e9 publique \u00e0 agir sur les d\u00e9terminants structurels et sociaux de la sant\u00e9 et \u00e0 faire progresser l\u2019\u00e9quit\u00e9 en sant\u00e9 pour tous.<\/strong><\/strong><\/h2>\n<\/div>\n\n\n\n<div class=\"wp-block-uagb-container uagb-block-53b33c66\">\n<div class=\"wp-block-uagb-image alignleft uagb-block-08aca470 wp-block-uagb-image--layout-default wp-block-uagb-image--effect-static wp-block-uagb-image--align-left\"><figure class=\"wp-block-uagb-image__figure\"><img decoding=\"async\" srcset=\"https:\/\/nccdh-dev.media-doc.ca\/wp-content\/uploads\/2025\/10\/iStock-469320674-1024x683.webp ,https:\/\/nccdh-dev.media-doc.ca\/wp-content\/uploads\/2025\/10\/iStock-469320674-scaled.webp 780w, https:\/\/nccdh-dev.media-doc.ca\/wp-content\/uploads\/2025\/10\/iStock-469320674-scaled.webp 360w\" sizes=\"auto, (max-width: 480px) 150px\" src=\"https:\/\/nccdh-dev.media-doc.ca\/wp-content\/uploads\/2025\/10\/iStock-469320674-1024x683.webp\" alt=\"\" class=\"uag-image-14546\" width=\"409\" height=\"272\" title=\"Mixed racial group of friendly children laughing together\" loading=\"lazy\" role=\"img\"\/><\/figure><\/div>\n<\/div>\n<\/div><\/div>\n\n\n\n<div style=\"height:100px\" aria-hidden=\"true\" class=\"wp-block-spacer\"><\/div>\n\n\n\n<div class=\"wp-block-uagb-container uagb-block-0733258a alignfull uagb-is-root-container\"><div class=\"uagb-container-inner-blocks-wrap\">\n<div style=\"height:40px\" aria-hidden=\"true\" class=\"wp-block-spacer\"><\/div>\n\n\n\n<h2 class=\"wp-block-heading has-text-align-center has-ast-global-color-0-color has-text-color has-link-color wp-elements-163421a95319b9071e4d60b13eb9fc3a\" style=\"padding-top:0;padding-right:var(--wp--preset--spacing--40);padding-bottom:0;padding-left:var(--wp--preset--spacing--40)\">VISION<\/h2>\n\n\n\n<p class=\"has-text-align-center\" style=\"padding-right:var(--wp--preset--spacing--40);padding-left:var(--wp--preset--spacing--40);font-size:18px\">Chaque personne et chaque communaut\u00e9 a une vie saine et s\u2019\u00e9panouit en toute dignit\u00e9 dans sa relation<br>avec les autres et la plan\u00e8te.<\/p>\n\n\n\n<div style=\"height:40px\" aria-hidden=\"true\" class=\"wp-block-spacer\"><\/div>\n\n\n\n<h2 class=\"wp-block-heading has-text-align-center has-ast-global-color-0-color has-text-color has-link-color wp-elements-fcc4710c7bb184d802ea31dc22a6fe6e\" style=\"padding-right:var(--wp--preset--spacing--40);padding-left:var(--wp--preset--spacing--40)\">MISSION<\/h2>\n\n\n\n<p class=\"has-text-align-center\" style=\"padding-right:var(--wp--preset--spacing--40);padding-left:var(--wp--preset--spacing--40);font-size:18px\">Le Centre de collaboration nationale des d\u00e9terminants de la sant\u00e9 (CCNDS) aide la communaut\u00e9 canadienne de la sant\u00e9 publique \u00e0 agir sur les d\u00e9terminants structurels et sociaux de la sant\u00e9 et \u00e0 faire avancer l\u2019\u00e9quit\u00e9 en sant\u00e9 pour tous.<strong>\u200b<\/strong><\/p>\n\n\n\n<div style=\"height:40px\" aria-hidden=\"true\" class=\"wp-block-spacer\"><\/div>\n\n\n\n<h2 class=\"wp-block-heading has-text-align-center has-ast-global-color-0-color has-text-color has-link-color wp-elements-42fec6a1864aa1c42872382c6b1930dd\" style=\"padding-right:var(--wp--preset--spacing--40);padding-left:var(--wp--preset--spacing--40)\"><strong>VALEURS<\/strong><\/h2>\n\n\n\n<div style=\"height:30px\" aria-hidden=\"true\" class=\"wp-block-spacer\"><\/div>\n\n\n\n<div class=\"wp-block-columns is-layout-flex wp-container-core-columns-is-layout-ba89cd17 wp-block-columns-is-layout-flex\" style=\"padding-top:var(--wp--preset--spacing--20);padding-right:var(--wp--preset--spacing--40);padding-bottom:var(--wp--preset--spacing--20);padding-left:var(--wp--preset--spacing--40)\">\n<div class=\"wp-block-column is-layout-flow wp-block-column-is-layout-flow\">\n<div class=\"wp-block-columns is-layout-flex wp-container-core-columns-is-layout-28f84493 wp-block-columns-is-layout-flex\">\n<div class=\"wp-block-column is-layout-flow wp-block-column-is-layout-flow\">\n<p style=\"font-size:18px\">Afin d\u2019accomplir sa mission, le CCNDS est guid\u00e9 par les valeurs suivantes au sein de son travail.<\/p>\n\n\n\n<p style=\"font-size:18px\">Les membres de notre \u00e9quipe se font confiance, apprennent les uns des autres et se remettent en question. Nous encourageons l\u2019autor\u00e9flexion, la croissance et le changement.<\/p>\n<\/div>\n<\/div>\n<\/div>\n\n\n\n<div class=\"wp-block-column is-layout-flow wp-block-column-is-layout-flow\">\n<div class=\"wp-block-columns is-layout-flex wp-container-core-columns-is-layout-28f84493 wp-block-columns-is-layout-flex\">\n<div class=\"wp-block-column is-layout-flow wp-block-column-is-layout-flow\" style=\"flex-basis:33.33%\">      \n\t\t\t<div class=\"uagb-icon-wrapper uagb-block-88b70bbf      \"\n\t\t\tstyle=\"\" >\n\t\t\t\t\t\t\t\t\t<span class=\"uagb-svg-wrapper\" \n\t\t\t\t\t aria-label=\"heart\"\t\t\t\t\ttabindex=\"0\">\t\t\n\t\t\t\t\t\t\t\t\t\t<svg xmlns=\"https:\/\/www.w3.org\/2000\/svg\" viewBox= \"0 0 512 512\" role=\"graphics-symbol\" aria-hidden=\"false\" aria-label=\"\"><path d=\"M0 190.9V185.1C0 115.2 50.52 55.58 119.4 44.1C164.1 36.51 211.4 51.37 244 84.02L256 96L267.1 84.02C300.6 51.37 347 36.51 392.6 44.1C461.5 55.58 512 115.2 512 185.1V190.9C512 232.4 494.8 272.1 464.4 300.4L283.7 469.1C276.2 476.1 266.3 480 256 480C245.7 480 235.8 476.1 228.3 469.1L47.59 300.4C17.23 272.1 .0003 232.4 .0003 190.9L0 190.9z\"><\/path><\/svg>\n\t\t\t\t\t\t\t\t\t<\/span>\n\t\t\t\t\t\t\t<\/div>\n\t\t\t<\/div>\n\n\n\n<div class=\"wp-block-column is-layout-flow wp-block-column-is-layout-flow\" style=\"flex-basis:66.66%\">\n<h3 class=\"wp-block-heading has-medium-font-size\">Humilit\u00e9<\/h3>\n\n\n\n<p style=\"font-size:18px\">Reconna\u00eetre humblement que l\u2019\u00e9quipe du CCNDS ne peut pas d\u00e9tenir d\u2019expertise dans tous les domaines et encourager l\u2019autor\u00e9flexion et les partenariats avec des personnes qui ont des connaissances plus approfondies que nous.\u200b<\/p>\n<\/div>\n<\/div>\n<\/div>\n\n\n\n<div class=\"wp-block-column is-layout-flow wp-block-column-is-layout-flow\">\n<div class=\"wp-block-columns is-layout-flex wp-container-core-columns-is-layout-28f84493 wp-block-columns-is-layout-flex\">\n<div class=\"wp-block-column is-layout-flow wp-block-column-is-layout-flow\" style=\"flex-basis:33.33%\">      \n\t\t\t<div class=\"uagb-icon-wrapper uagb-block-ae9875f6      \"\n\t\t\tstyle=\"\" >\n\t\t\t\t\t\t\t\t\t<span class=\"uagb-svg-wrapper\" \n\t\t\t\t\t aria-label=\"hand-holding-heart\"\t\t\t\t\ttabindex=\"0\">\t\t\n\t\t\t\t\t\t\t\t\t\t<svg xmlns=\"https:\/\/www.w3.org\/2000\/svg\" viewBox= \"0 0 576 512\" role=\"graphics-symbol\" aria-hidden=\"false\" aria-label=\"\"><path d=\"M275.2 250.5c7 7.375 18.5 7.375 25.5 0l108.1-114.2c31.5-33.12 29.72-88.1-5.65-118.7c-30.88-26.75-76.75-21.9-104.9 7.724L287.1 36.91L276.8 25.28C248.7-4.345 202.7-9.194 171.1 17.56C136.7 48.18 134.7 103.2 166.4 136.3L275.2 250.5zM568.2 336.3c-13.12-17.81-38.14-21.66-55.93-8.469l-119.7 88.17h-120.6c-8.748 0-15.1-7.25-15.1-15.1c0-8.746 7.25-15.1 15.1-15.1h78.25c15.1 0 30.75-10.87 33.37-26.62c3.25-19.1-12.12-37.37-31.62-37.37H191.1c-26.1 0-53.12 9.25-74.12 26.25l-46.5 37.74l-55.37-.0253c-8.748 0-15.1 7.275-15.1 16.02L.0001 496C.0001 504.8 7.251 512 15.1 512h346.1c22.03 0 43.92-7.187 61.7-20.28l135.1-99.51C577.5 379.1 581.3 354.1 568.2 336.3z\"><\/path><\/svg>\n\t\t\t\t\t\t\t\t\t<\/span>\n\t\t\t\t\t\t\t<\/div>\n\t\t\t<\/div>\n\n\n\n<div class=\"wp-block-column is-layout-flow wp-block-column-is-layout-flow\" style=\"flex-basis:66.66%\">\n<h3 class=\"wp-block-heading has-medium-font-size\">Compassion<\/h3>\n\n\n\n<p style=\"font-size:18px\">Soutenir les politiques, les programmes et les pratiques qui reconnaissent et traitent la souffrance (le pr\u00e9judice) caus\u00e9e par des syst\u00e8mes d\u2019oppression interd\u00e9pendants (p. ex., le racisme, le colonialisme).\u200b\u200b<\/p>\n<\/div>\n<\/div>\n<\/div>\n<\/div>\n\n\n\n<div style=\"height:40px\" aria-hidden=\"true\" class=\"wp-block-spacer\"><\/div>\n\n\n\n<div class=\"wp-block-columns is-layout-flex wp-container-core-columns-is-layout-ba89cd17 wp-block-columns-is-layout-flex\" style=\"padding-top:var(--wp--preset--spacing--20);padding-right:var(--wp--preset--spacing--40);padding-bottom:var(--wp--preset--spacing--20);padding-left:var(--wp--preset--spacing--40)\">\n<div class=\"wp-block-column is-layout-flow wp-block-column-is-layout-flow\" style=\"padding-top:0;padding-bottom:0\">\n<div class=\"wp-block-columns is-layout-flex wp-container-core-columns-is-layout-28f84493 wp-block-columns-is-layout-flex\">\n<div class=\"wp-block-column is-layout-flow wp-block-column-is-layout-flow\" style=\"flex-basis:33.33%\">      \n\t\t\t<div class=\"uagb-icon-wrapper uagb-block-03c8a670      \"\n\t\t\tstyle=\"\" >\n\t\t\t\t\t\t\t\t\t<span class=\"uagb-svg-wrapper\" \n\t\t\t\t\t aria-label=\"people-group\"\t\t\t\t\ttabindex=\"0\">\t\t\n\t\t\t\t\t\t\t\t\t\t<svg xmlns=\"https:\/\/www.w3.org\/2000\/svg\" viewBox= \"0 0 640 512\" role=\"graphics-symbol\" aria-hidden=\"false\" aria-label=\"\"><path d=\"M184 88C184 118.9 158.9 144 128 144C97.07 144 72 118.9 72 88C72 57.07 97.07 32 128 32C158.9 32 184 57.07 184 88zM208.4 196.3C178.7 222.7 160 261.2 160 304C160 338.3 171.1 369.8 192 394.5V416C192 433.7 177.7 448 160 448H96C78.33 448 64 433.7 64 416V389.2C26.16 371.2 0 332.7 0 288C0 226.1 50.14 176 112 176H144C167.1 176 190.2 183.5 208.4 196.3V196.3zM64 245.7C54.04 256.9 48 271.8 48 288C48 304.2 54.04 319.1 64 330.3V245.7zM448 416V394.5C468 369.8 480 338.3 480 304C480 261.2 461.3 222.7 431.6 196.3C449.8 183.5 472 176 496 176H528C589.9 176 640 226.1 640 288C640 332.7 613.8 371.2 576 389.2V416C576 433.7 561.7 448 544 448H480C462.3 448 448 433.7 448 416zM576 330.3C585.1 319.1 592 304.2 592 288C592 271.8 585.1 256.9 576 245.7V330.3zM568 88C568 118.9 542.9 144 512 144C481.1 144 456 118.9 456 88C456 57.07 481.1 32 512 32C542.9 32 568 57.07 568 88zM256 96C256 60.65 284.7 32 320 32C355.3 32 384 60.65 384 96C384 131.3 355.3 160 320 160C284.7 160 256 131.3 256 96zM448 304C448 348.7 421.8 387.2 384 405.2V448C384 465.7 369.7 480 352 480H288C270.3 480 256 465.7 256 448V405.2C218.2 387.2 192 348.7 192 304C192 242.1 242.1 192 304 192H336C397.9 192 448 242.1 448 304zM256 346.3V261.7C246 272.9 240 287.8 240 304C240 320.2 246 335.1 256 346.3zM384 261.7V346.3C393.1 335 400 320.2 400 304C400 287.8 393.1 272.9 384 261.7z\"><\/path><\/svg>\n\t\t\t\t\t\t\t\t\t<\/span>\n\t\t\t\t\t\t\t<\/div>\n\t\t\t<\/div>\n\n\n\n<div class=\"wp-block-column is-layout-flow wp-block-column-is-layout-flow\" style=\"flex-basis:66.66%\">\n<h3 class=\"wp-block-heading has-medium-font-size\">Solidarit\u00e9<\/h3>\n\n\n\n<p style=\"font-size:18px\">Faire avancer les id\u00e9es et les actions qui sont motiv\u00e9es par les besoins des communaut\u00e9s avec lesquelles nous travaillons et non par l\u2019int\u00e9r\u00eat personnel; faire progresser le renforcement du pouvoir de ceux qui sont structurellement d\u00e9favoris\u00e9s.\u200b<\/p>\n<\/div>\n<\/div>\n<\/div>\n\n\n\n<div class=\"wp-block-column is-layout-flow wp-block-column-is-layout-flow\">\n<div class=\"wp-block-columns is-layout-flex wp-container-core-columns-is-layout-28f84493 wp-block-columns-is-layout-flex\">\n<div class=\"wp-block-column is-layout-flow wp-block-column-is-layout-flow\" style=\"flex-basis:33.33%\">      \n\t\t\t<div class=\"uagb-icon-wrapper uagb-block-f637b7ff      \"\n\t\t\tstyle=\"\" >\n\t\t\t\t\t\t\t\t\t<span class=\"uagb-svg-wrapper\" \n\t\t\t\t\t aria-label=\"circle-check\"\t\t\t\t\ttabindex=\"0\">\t\t\n\t\t\t\t\t\t\t\t\t\t<svg xmlns=\"https:\/\/www.w3.org\/2000\/svg\" viewBox= \"0 0 512 512\" role=\"graphics-symbol\" aria-hidden=\"false\" aria-label=\"\"><path d=\"M0 256C0 114.6 114.6 0 256 0C397.4 0 512 114.6 512 256C512 397.4 397.4 512 256 512C114.6 512 0 397.4 0 256zM371.8 211.8C382.7 200.9 382.7 183.1 371.8 172.2C360.9 161.3 343.1 161.3 332.2 172.2L224 280.4L179.8 236.2C168.9 225.3 151.1 225.3 140.2 236.2C129.3 247.1 129.3 264.9 140.2 275.8L204.2 339.8C215.1 350.7 232.9 350.7 243.8 339.8L371.8 211.8z\"><\/path><\/svg>\n\t\t\t\t\t\t\t\t\t<\/span>\n\t\t\t\t\t\t\t<\/div>\n\t\t\t<\/div>\n\n\n\n<div class=\"wp-block-column is-layout-flow wp-block-column-is-layout-flow\" style=\"flex-basis:66.66%\">\n<h3 class=\"wp-block-heading has-medium-font-size\">Responsabilit\u00e9<\/h3>\n\n\n\n<p style=\"font-size:18px\">Rendre compte de notre travail \u00e0 notre agence de financement, \u00e0 nos partenaires et aux communaut\u00e9s avec lesquelles nous sommes en relation. \u200b<\/p>\n<\/div>\n<\/div>\n<\/div>\n\n\n\n<div class=\"wp-block-column is-layout-flow wp-block-column-is-layout-flow\">\n<div class=\"wp-block-columns is-layout-flex wp-container-core-columns-is-layout-28f84493 wp-block-columns-is-layout-flex\">\n<div class=\"wp-block-column is-layout-flow wp-block-column-is-layout-flow\" style=\"flex-basis:33.33%\">      \n\t\t\t<div class=\"uagb-icon-wrapper uagb-block-fa495b49      \"\n\t\t\tstyle=\"\" >\n\t\t\t\t\t\t\t\t\t<span class=\"uagb-svg-wrapper\" \n\t\t\t\t\t aria-label=\"scale-balanced\"\t\t\t\t\ttabindex=\"0\">\t\t\n\t\t\t\t\t\t\t\t\t\t<svg xmlns=\"https:\/\/www.w3.org\/2000\/svg\" viewBox= \"0 0 640 512\" role=\"graphics-symbol\" aria-hidden=\"false\" aria-label=\"\"><path d=\"M554.9 154.5c-17.62-35.25-68.12-35.38-85.87 0c-87 174.3-84.1 165.9-84.1 181.5c0 44.13 57.25 80 128 80s127.1-35.88 127.1-80C639.1 319.9 641.4 327.3 554.9 154.5zM439.1 320l71.96-144l72.17 144H439.1zM256 336c0-16.12 1.375-8.75-85.12-181.5c-17.62-35.25-68.12-35.38-85.87 0c-87 174.3-84.1 165.9-84.1 181.5c0 44.13 57.25 80 127.1 80S256 380.1 256 336zM127.9 176L200.1 320H55.96L127.9 176zM495.1 448h-143.1V153.3C375.5 143 393.1 121.8 398.4 96h113.6c17.67 0 31.1-14.33 31.1-32s-14.33-32-31.1-32h-128.4c-14.62-19.38-37.5-32-63.62-32S270.1 12.62 256.4 32H128C110.3 32 96 46.33 96 64S110.3 96 127.1 96h113.6c5.25 25.75 22.87 47 46.37 57.25V448H144c-26.51 0-48.01 21.49-48.01 48c0 8.836 7.165 16 16 16h416c8.836 0 16-7.164 16-16C544 469.5 522.5 448 495.1 448z\"><\/path><\/svg>\n\t\t\t\t\t\t\t\t\t<\/span>\n\t\t\t\t\t\t\t<\/div>\n\t\t\t<\/div>\n\n\n\n<div class=\"wp-block-column is-layout-flow wp-block-column-is-layout-flow\" style=\"flex-basis:66.66%\">\n<h3 class=\"wp-block-heading has-medium-font-size\">Justice<\/h3>\n\n\n\n<p style=\"font-size:18px\">Soutenir le travail des communaut\u00e9s d\u00e9favoris\u00e9es en tant qu\u2019initiateurs, collaborateurs et partenaires \u00e9gaux et soutenir la sant\u00e9 publique pour redistribuer le pouvoir afin de faire avancer l\u2019\u00e9quit\u00e9 en sant\u00e9 pour tous.<\/p>\n<\/div>\n<\/div>\n<\/div>\n<\/div>\n\n\n\n<div style=\"height:40px\" aria-hidden=\"true\" class=\"wp-block-spacer\"><\/div>\n\n\n\n<h2 class=\"wp-block-heading has-text-align-center has-ast-global-color-0-color has-text-color has-link-color wp-elements-0e5902339a49ec382c9d15e50da75c86\" style=\"padding-right:var(--wp--preset--spacing--40);padding-left:var(--wp--preset--spacing--40)\"><strong>DECLARATION DE POSITION<\/strong><\/h2>\n\n\n\n<p style=\"padding-right:var(--wp--preset--spacing--40);padding-left:var(--wp--preset--spacing--40);font-size:18px\">Le CCNDS reconna\u00eet d\u00e9tenir un pouvoir consid\u00e9rable sur divers plans, par exemple : 1) le savoir, en tant que moyen d\u2019expression et facteur contribuant aux discours dominants en sant\u00e9 publique ; 2) le pouvoir \u00e9conomique, gr\u00e2ce \u00e0 sa structure de financement dans le cadre d\u2019un programme financ\u00e9 par le gouvernement f\u00e9d\u00e9ral, puisque le CCNDS est financ\u00e9 par l\u2019Agence de la sant\u00e9 publique du Canada et rel\u00e8ve de cette derni\u00e8re ; 3) l\u2019acc\u00e8s \u00e0 diff\u00e9rents \u00e9v\u00e9nements, par l\u2019entremise des sph\u00e8res o\u00f9 s\u2019\u00e9tablissent les programmes, y compris les congr\u00e8s et les colloques, les audiences interorganisations \u00e0 huis clos et ainsi de suite.\u200b<\/p>\n\n\n\n<p style=\"padding-right:var(--wp--preset--spacing--40);padding-left:var(--wp--preset--spacing--40);font-size:18px\">En prenant position, le CCNDS reconna\u00eet avoir conscience de son pouvoir, et il compte l\u2019utiliser dans le but de promouvoir un monde plus \u00e9quitable. Il cherchera \u00e0 incarner les valeurs d\u2019humilit\u00e9, de compassion, de solidarit\u00e9, de justice et de responsabilit\u00e9 dans toutes ses activit\u00e9s organisationnelles. Le CCNDS s\u2019engage \u00e0 \u00e9tablir des relations et des modes de savoirs favorables \u00e0 la diversit\u00e9, d\u2019aucune nature oppressive, sans discrimination intersectionnelle et dans un climat collaboratif afin de promouvoir le changement, la transformation et le bien-\u00eatre collectif.\u200b Le CCNDS \u00e9pouse la notion que, en tant que d\u00e9tenteur du pouvoir, l\u2019organisme soutiendra le travail des communaut\u00e9s structurellement d\u00e9favoris\u00e9es en reconnaissant les r\u00f4les d\u2019investigateurs, de collaborateurs et de partenaires \u00e0 parts \u00e9gales de ces communaut\u00e9s. Le CCNDS est d\u2019avis que la sant\u00e9 publique doit travailler \u00e0 revoir la r\u00e9partition du pouvoir afin d\u2019assurer une plus grande \u00e9quit\u00e9 en sant\u00e9.<\/p>\n\n\n\n<div style=\"height:40px\" aria-hidden=\"true\" class=\"wp-block-spacer\"><\/div>\n<\/div><\/div>\n\n\n\n<div style=\"height:100px\" aria-hidden=\"true\" class=\"wp-block-spacer\"><\/div>\n\n\n\n<p><\/p>\n","protected":false},"excerpt":{"rendered":"<p>Nous aidons la communaut\u00e9 canadienne de la sant\u00e9 publique \u00e0 agir sur les d\u00e9terminants structurels et sociaux de la sant\u00e9 et \u00e0 faire progresser l\u2019\u00e9quit\u00e9 en sant\u00e9 pour tous. VISION Chaque personne et chaque communaut\u00e9 a une vie saine et s\u2019\u00e9panouit en toute dignit\u00e9 dans sa relationavec les autres et la plan\u00e8te. MISSION Le Centre [&hellip;]<\/p>\n","protected":false},"author":2,"featured_media":0,"parent":12135,"menu_order":0,"comment_status":"closed","ping_status":"closed","template":"","meta":{"_acf_changed":false,"_relevanssi_hide_post":"","_relevanssi_hide_content":"","_relevanssi_pin_for_all":"","_relevanssi_pin_keywords":"","_relevanssi_unpin_keywords":"","_relevanssi_related_keywords":"","_relevanssi_related_include_ids":"","_relevanssi_related_exclude_ids":"","_relevanssi_related_no_append":"","_relevanssi_related_not_related":"","_relevanssi_related_posts":"14207,14193,14153,14370,14171,14159","_relevanssi_noindex_reason":"","_uag_custom_page_level_css":"","site-sidebar-layout":"default","site-content-layout":"","ast-site-content-layout":"default","site-content-style":"default","site-sidebar-style":"default","ast-global-header-display":"","ast-banner-title-visibility":"","ast-main-header-display":"","ast-hfb-above-header-display":"","ast-hfb-below-header-display":"","ast-hfb-mobile-header-display":"","site-post-title":"","ast-breadcrumbs-content":"","ast-featured-img":"","footer-sml-layout":"","ast-disable-related-posts":"","theme-transparent-header-meta":"","adv-header-id-meta":"","stick-header-meta":"","header-above-stick-meta":"","header-main-stick-meta":"","header-below-stick-meta":"","astra-migrate-meta-layouts":"default","ast-page-background-enabled":"default","ast-page-background-meta":{"desktop":{"background-color":"var(--ast-global-color-4)","background-image":"","background-repeat":"repeat","background-position":"center center","background-size":"auto","background-attachment":"scroll","background-type":"","background-media":"","overlay-type":"","overlay-color":"","overlay-opacity":"","overlay-gradient":""},"tablet":{"background-color":"","background-image":"","background-repeat":"repeat","background-position":"center center","background-size":"auto","background-attachment":"scroll","background-type":"","background-media":"","overlay-type":"","overlay-color":"","overlay-opacity":"","overlay-gradient":""},"mobile":{"background-color":"","background-image":"","background-repeat":"repeat","background-position":"center center","background-size":"auto","background-attachment":"scroll","background-type":"","background-media":"","overlay-type":"","overlay-color":"","overlay-opacity":"","overlay-gradient":""}},"ast-content-background-meta":{"desktop":{"background-color":"var(--ast-global-color-5)","background-image":"","background-repeat":"repeat","background-position":"center center","background-size":"auto","background-attachment":"scroll","background-type":"","background-media":"","overlay-type":"","overlay-color":"","overlay-opacity":"","overlay-gradient":""},"tablet":{"background-color":"var(--ast-global-color-5)","background-image":"","background-repeat":"repeat","background-position":"center center","background-size":"auto","background-attachment":"scroll","background-type":"","background-media":"","overlay-type":"","overlay-color":"","overlay-opacity":"","overlay-gradient":""},"mobile":{"background-color":"var(--ast-global-color-5)","background-image":"","background-repeat":"repeat","background-position":"center center","background-size":"auto","background-attachment":"scroll","background-type":"","background-media":"","overlay-type":"","overlay-color":"","overlay-opacity":"","overlay-gradient":""}},"footnotes":""},"class_list":["post-15741","page","type-page","status-publish","hentry"],"acf":[],"uagb_featured_image_src":{"full":false,"thumbnail":false,"medium":false,"medium_large":false,"large":false,"1536x1536":false,"2048x2048":false},"uagb_author_info":{"display_name":"Caralyn Vossen","author_link":"https:\/\/nccdh-dev.media-doc.ca\/fr\/author\/cvossenstfx-ca\/"},"uagb_comment_info":0,"uagb_excerpt":"Nous aidons la communaut\u00e9 canadienne de la sant\u00e9 publique \u00e0 agir sur les d\u00e9terminants structurels et sociaux de la sant\u00e9 et \u00e0 faire progresser l\u2019\u00e9quit\u00e9 en sant\u00e9 pour tous. VISION Chaque personne et chaque communaut\u00e9 a une vie saine et s\u2019\u00e9panouit en toute dignit\u00e9 dans sa relationavec les autres et la plan\u00e8te. MISSION Le Centre\u2026","_links":{"self":[{"href":"https:\/\/nccdh-dev.media-doc.ca\/fr\/wp-json\/wp\/v2\/pages\/15741","targetHints":{"allow":["GET"]}}],"collection":[{"href":"https:\/\/nccdh-dev.media-doc.ca\/fr\/wp-json\/wp\/v2\/pages"}],"about":[{"href":"https:\/\/nccdh-dev.media-doc.ca\/fr\/wp-json\/wp\/v2\/types\/page"}],"author":[{"embeddable":true,"href":"https:\/\/nccdh-dev.media-doc.ca\/fr\/wp-json\/wp\/v2\/users\/2"}],"replies":[{"embeddable":true,"href":"https:\/\/nccdh-dev.media-doc.ca\/fr\/wp-json\/wp\/v2\/comments?post=15741"}],"version-history":[{"count":9,"href":"https:\/\/nccdh-dev.media-doc.ca\/fr\/wp-json\/wp\/v2\/pages\/15741\/revisions"}],"predecessor-version":[{"id":16007,"href":"https:\/\/nccdh-dev.media-doc.ca\/fr\/wp-json\/wp\/v2\/pages\/15741\/revisions\/16007"}],"up":[{"embeddable":true,"href":"https:\/\/nccdh-dev.media-doc.ca\/fr\/wp-json\/wp\/v2\/pages\/12135"}],"wp:attachment":[{"href":"https:\/\/nccdh-dev.media-doc.ca\/fr\/wp-json\/wp\/v2\/media?parent=15741"}],"curies":[{"name":"wp","href":"https:\/\/api.w.org\/{rel}","templated":true}]}}