{"id":13121,"date":"2025-09-22T19:58:17","date_gmt":"2025-09-22T19:58:17","guid":{"rendered":"https:\/\/nccdh-dev.media-doc.ca\/?page_id=13121"},"modified":"2026-02-02T15:28:59","modified_gmt":"2026-02-02T15:28:59","slug":"infolettre-du-ccnds","status":"publish","type":"page","link":"https:\/\/nccdh-dev.media-doc.ca\/fr\/infolettre-du-ccnds\/","title":{"rendered":"Infolettre du CCNDS"},"content":{"rendered":"\n<p>L\u2019infolettre du CCNDS est diffus\u00e9e tous les deux mois \u00e0 l\u2019aide de la liste de destinataires de partout au pays qui travaillent en sant\u00e9 publique ou qui s\u2019int\u00e9ressent \u00e0 la sant\u00e9 publique et qui veulent rester au fait de ce qui se passe dans le domaine. L\u2019infolettre pr\u00e9sente les plus r\u00e9centes ressources, les activit\u00e9s et les \u00e9v\u00e9nements en cours de pr\u00e9paration et les d\u00e9marches faites par d\u2019autres organismes pour assurer l\u2019\u00e9quit\u00e9 en sant\u00e9.<\/p>\n\n\n\n<div class=\"wp-block-group is-vertical is-layout-flex wp-container-core-group-is-layout-c1d74b83 wp-block-group-is-layout-flex\" style=\"padding-top:0;padding-right:0;padding-bottom:0;padding-left:0\">\n<div class=\"wp-block-media-text is-stacked-on-mobile has-border-color has-ast-global-color-6-border-color\" style=\"border-width:1px;padding-top:var(--wp--preset--spacing--50);padding-right:var(--wp--preset--spacing--60);padding-bottom:var(--wp--preset--spacing--50);padding-left:var(--wp--preset--spacing--60);grid-template-columns:15% auto\"><figure class=\"wp-block-media-text__media\"><a href=\"https:\/\/mailchi.mp\/adef4bb172a0\/nccdh-e-news-bulletin-electronique-du-ccnds-december2025decembre\" target=\"_blank\" rel=\" noreferrer noopener\"><img loading=\"lazy\" decoding=\"async\" width=\"568\" height=\"579\" src=\"https:\/\/nccdh-dev.media-doc.ca\/wp-content\/uploads\/2026\/02\/NCCDH_eNewsletter_December-2025.webp\" alt=\"\" class=\"wp-image-16044 size-full\" srcset=\"https:\/\/nccdh-dev.media-doc.ca\/wp-content\/uploads\/2026\/02\/NCCDH_eNewsletter_December-2025.webp 568w, https:\/\/nccdh-dev.media-doc.ca\/wp-content\/uploads\/2026\/02\/NCCDH_eNewsletter_December-2025-294x300.webp 294w\" sizes=\"auto, (max-width: 568px) 100vw, 568px\" \/><\/a><\/figure><div class=\"wp-block-media-text__content\">\n<h2 class=\"wp-block-heading\"><a href=\"https:\/\/mailchi.mp\/adef4bb172a0\/nccdh-e-news-bulletin-electronique-du-ccnds-december2025decembre\" target=\"_blank\" rel=\"noreferrer noopener\">L\u2019infolettre du CCNDS d\u00e9cembre 2025<\/a><\/h2>\n\n\n\n<p>En vedette :<\/p>\n\n\n\n<ul class=\"wp-block-list\">\n<li>Nouvelle ressource : Vers un lieu s\u00fbr et sain \u00e0 appeler son chez-soi<\/li>\n\n\n\n<li>Sujet en vedette : La sant\u00e9 des personnes migrantes<\/li>\n<\/ul>\n<\/div><\/div>\n\n\n\n<div class=\"wp-block-media-text is-stacked-on-mobile has-border-color has-ast-global-color-6-border-color\" style=\"border-width:1px;padding-top:var(--wp--preset--spacing--50);padding-right:var(--wp--preset--spacing--60);padding-bottom:var(--wp--preset--spacing--50);padding-left:var(--wp--preset--spacing--60);grid-template-columns:15% auto\"><figure class=\"wp-block-media-text__media\"><a href=\"https:\/\/mailchi.mp\/99948b525627\/nccdh-e-news-bulletin-electronique-du-ccnds-october2025octobre\" target=\"_blank\" rel=\" noreferrer noopener\"><img loading=\"lazy\" decoding=\"async\" width=\"766\" height=\"772\" src=\"https:\/\/nccdh-dev.media-doc.ca\/wp-content\/uploads\/2025\/11\/NCCDH-eNewsletter-October-2025.webp\" alt=\"\" class=\"wp-image-15644 size-full\" srcset=\"https:\/\/nccdh-dev.media-doc.ca\/wp-content\/uploads\/2025\/11\/NCCDH-eNewsletter-October-2025.webp 766w, https:\/\/nccdh-dev.media-doc.ca\/wp-content\/uploads\/2025\/11\/NCCDH-eNewsletter-October-2025-298x300.webp 298w, https:\/\/nccdh-dev.media-doc.ca\/wp-content\/uploads\/2025\/11\/NCCDH-eNewsletter-October-2025-150x150.webp 150w\" sizes=\"auto, (max-width: 766px) 100vw, 766px\" \/><\/a><\/figure><div class=\"wp-block-media-text__content\">\n<h2 class=\"wp-block-heading\"><a href=\"https:\/\/mailchi.mp\/99948b525627\/nccdh-e-news-bulletin-electronique-du-ccnds-october2025octobre\" target=\"_blank\" rel=\"noreferrer noopener\">L\u2019infolettre du CCNDS octobre 2025<\/a><\/h2>\n\n\n\n<p>En vedette :<\/p>\n\n\n\n<ul class=\"wp-block-list\">\n<li>Comp\u00e9tences essentielles en sant\u00e9 publique au Canada, version 2.0<\/li>\n\n\n\n<li>S\u00e9lection de ressources : Organisation communautaire<\/li>\n<\/ul>\n<\/div><\/div>\n\n\n\n<div class=\"wp-block-media-text is-stacked-on-mobile has-border-color has-ast-global-color-6-border-color\" style=\"border-width:1px;padding-top:var(--wp--preset--spacing--50);padding-right:var(--wp--preset--spacing--60);padding-bottom:var(--wp--preset--spacing--50);padding-left:var(--wp--preset--spacing--60);grid-template-columns:15% auto\"><figure class=\"wp-block-media-text__media\"><a href=\"https:\/\/mailchi.mp\/431de7190ab3\/nccdh-e-news-bulletin-electronique-du-ccnds-august2025aout\" target=\"_blank\" rel=\" noreferrer noopener\"><img loading=\"lazy\" decoding=\"async\" width=\"766\" height=\"783\" src=\"https:\/\/nccdh-dev.media-doc.ca\/wp-content\/uploads\/2025\/11\/NCCDH-eNewsletter-August-2025.webp\" alt=\"\" class=\"wp-image-15641 size-full\" srcset=\"https:\/\/nccdh-dev.media-doc.ca\/wp-content\/uploads\/2025\/11\/NCCDH-eNewsletter-August-2025.webp 766w, https:\/\/nccdh-dev.media-doc.ca\/wp-content\/uploads\/2025\/11\/NCCDH-eNewsletter-August-2025-293x300.webp 293w\" sizes=\"auto, (max-width: 766px) 100vw, 766px\" \/><\/a><\/figure><div class=\"wp-block-media-text__content\">\n<h2 class=\"wp-block-heading\"><a href=\"https:\/\/mailchi.mp\/431de7190ab3\/nccdh-e-news-bulletin-electronique-du-ccnds-august2025aout\" target=\"_blank\" rel=\"noreferrer noopener\">L\u2019infolettre du CCNDS ao\u00fbt 2025<\/a><\/h2>\n\n\n\n<p>En vedette :<\/p>\n\n\n\n<ul class=\"wp-block-list\">\n<li>Nouvelle ressource : Note d\u2019information sur la sant\u00e9 des personnes migrantes<\/li>\n\n\n\n<li>S\u00e9lection de ressources : Logement et sant\u00e9<\/li>\n<\/ul>\n<\/div><\/div>\n\n\n\n<div class=\"wp-block-media-text is-stacked-on-mobile has-border-color has-ast-global-color-6-border-color\" style=\"border-width:1px;padding-top:var(--wp--preset--spacing--50);padding-right:var(--wp--preset--spacing--60);padding-bottom:var(--wp--preset--spacing--50);padding-left:var(--wp--preset--spacing--60);grid-template-columns:15% auto\"><figure class=\"wp-block-media-text__media\"><a href=\"https:\/\/mailchi.mp\/78ac8abcfa94\/nccdh-e-news-bulletin-electronique-du-ccnds-june2025juin\"><img loading=\"lazy\" decoding=\"async\" width=\"768\" height=\"787\" src=\"https:\/\/nccdh-dev.media-doc.ca\/wp-content\/uploads\/2025\/11\/NCCDH-eNewsletter-June-2025.webp\" alt=\"\" class=\"wp-image-15639 size-full\" srcset=\"https:\/\/nccdh-dev.media-doc.ca\/wp-content\/uploads\/2025\/11\/NCCDH-eNewsletter-June-2025.webp 768w, https:\/\/nccdh-dev.media-doc.ca\/wp-content\/uploads\/2025\/11\/NCCDH-eNewsletter-June-2025-293x300.webp 293w\" sizes=\"auto, (max-width: 768px) 100vw, 768px\" \/><\/a><\/figure><div class=\"wp-block-media-text__content\">\n<h2 class=\"wp-block-heading\"><a href=\"https:\/\/mailchi.mp\/78ac8abcfa94\/nccdh-e-news-bulletin-electronique-du-ccnds-june2025juin\">L\u2019infolettre du CCNDS juin 2025<\/a><\/h2>\n\n\n\n<p>En vedette :<\/p>\n\n\n\n<ul class=\"wp-block-list\">\n<li>\u00c9quit\u00e9 en sant\u00e9 2ELGBTQI+<\/li>\n\n\n\n<li>Webinaire : L\u2019organisation communautaire<\/li>\n<\/ul>\n<\/div><\/div>\n\n\n\n<div class=\"wp-block-media-text is-stacked-on-mobile has-border-color has-ast-global-color-6-border-color\" style=\"border-width:1px;padding-top:var(--wp--preset--spacing--50);padding-right:var(--wp--preset--spacing--60);padding-bottom:var(--wp--preset--spacing--50);padding-left:var(--wp--preset--spacing--60);grid-template-columns:15% auto\"><figure class=\"wp-block-media-text__media\"><img loading=\"lazy\" decoding=\"async\" width=\"625\" height=\"640\" src=\"https:\/\/nccdh-dev.media-doc.ca\/wp-content\/uploads\/2025\/09\/NCCDH_eNewsletter_April_2025.webp\" alt=\"\" class=\"wp-image-13104 size-full\" srcset=\"https:\/\/nccdh-dev.media-doc.ca\/wp-content\/uploads\/2025\/09\/NCCDH_eNewsletter_April_2025.webp 625w, https:\/\/nccdh-dev.media-doc.ca\/wp-content\/uploads\/2025\/09\/NCCDH_eNewsletter_April_2025-293x300.webp 293w\" sizes=\"auto, (max-width: 625px) 100vw, 625px\" \/><\/figure><div class=\"wp-block-media-text__content\">\n<h2 class=\"wp-block-heading\"><a href=\"https:\/\/mailchi.mp\/2db82a9a7e82\/nccdh-e-news-bulletin-electronique-du-ccnds-april2025avril\">L\u2019infolettre du CCNDS avril 2025<\/a><\/h2>\n\n\n\n<p>En vedette :<\/p>\n\n\n\n<ul class=\"wp-block-list\">\n<li>Nouvelle ressource : Guide des bonnes pratiques \u2013 Justice alimentaire<\/li>\n\n\n\n<li>Saison 3 de Mind the Disruption<\/li>\n<\/ul>\n<\/div><\/div>\n\n\n\n<div class=\"wp-block-media-text is-stacked-on-mobile has-border-color has-ast-global-color-6-border-color\" style=\"border-width:1px;padding-top:var(--wp--preset--spacing--50);padding-right:var(--wp--preset--spacing--60);padding-bottom:var(--wp--preset--spacing--50);padding-left:var(--wp--preset--spacing--60);grid-template-columns:15% auto\"><figure class=\"wp-block-media-text__media\"><img loading=\"lazy\" decoding=\"async\" width=\"625\" height=\"634\" src=\"https:\/\/nccdh-dev.media-doc.ca\/wp-content\/uploads\/2025\/09\/NCCDH_eNewsletter_March_2025.webp\" alt=\"\" class=\"wp-image-13102 size-full\" srcset=\"https:\/\/nccdh-dev.media-doc.ca\/wp-content\/uploads\/2025\/09\/NCCDH_eNewsletter_March_2025.webp 625w, https:\/\/nccdh-dev.media-doc.ca\/wp-content\/uploads\/2025\/09\/NCCDH_eNewsletter_March_2025-296x300.webp 296w\" sizes=\"auto, (max-width: 625px) 100vw, 625px\" \/><\/figure><div class=\"wp-block-media-text__content\">\n<h2 class=\"wp-block-heading\"><a href=\"https:\/\/mailchi.mp\/033c48068f7b\/nccdh-e-news-bulletin-electronique-du-ccnds-march2025\">L\u2019infolettre du CCNDS mars 2025<\/a><\/h2>\n\n\n\n<p>En vedette :&nbsp;<\/p>\n\n\n\n<ul class=\"wp-block-list\">\n<li>Nouvelles ressources : Organisation communautaire<\/li>\n\n\n\n<li>Transcription de l\u2019\u00e9pisode du balado et documents d\u2019accompagnement : Saison 2<\/li>\n\n\n\n<li>Ressources :&nbsp;L\u2019\u00e9quit\u00e9 en sant\u00e9 des personnes 2ELGBTQI+<\/li>\n<\/ul>\n<\/div><\/div>\n\n\n\n<div class=\"wp-block-media-text is-stacked-on-mobile has-border-color has-ast-global-color-6-border-color\" style=\"border-width:1px;padding-top:var(--wp--preset--spacing--50);padding-right:var(--wp--preset--spacing--60);padding-bottom:var(--wp--preset--spacing--50);padding-left:var(--wp--preset--spacing--60);grid-template-columns:15% auto\"><figure class=\"wp-block-media-text__media\"><img loading=\"lazy\" decoding=\"async\" width=\"568\" height=\"576\" src=\"https:\/\/nccdh-dev.media-doc.ca\/wp-content\/uploads\/2025\/09\/NCCDH_eNews_January_2025_Website.webp\" alt=\"\" class=\"wp-image-13100 size-full\" srcset=\"https:\/\/nccdh-dev.media-doc.ca\/wp-content\/uploads\/2025\/09\/NCCDH_eNews_January_2025_Website.webp 568w, https:\/\/nccdh-dev.media-doc.ca\/wp-content\/uploads\/2025\/09\/NCCDH_eNews_January_2025_Website-296x300.webp 296w\" sizes=\"auto, (max-width: 568px) 100vw, 568px\" \/><\/figure><div class=\"wp-block-media-text__content\">\n<h2 class=\"wp-block-heading\"><a href=\"https:\/\/mailchi.mp\/513182f68aa1\/nccdh-e-news-bulletin-electronique-du-ccnds-january2025-11182288\">L\u2019infolettre du CCNDS janvier 2025<\/a><\/h2>\n\n\n\n<p>En vedette :&nbsp;<\/p>\n\n\n\n<ul class=\"wp-block-list\">\n<li>Webinaires \u00e0 venir en f\u00e9vrier<\/li>\n\n\n\n<li>Mises \u00e0 jour au Glossaire des principaux concepts li\u00e9s \u00e0 l\u2019\u00e9quit\u00e9 en sant\u00e9<\/li>\n<\/ul>\n<\/div><\/div>\n<\/div>\n\n\n\n<p><a href=\"https:\/\/mailchi.mp\/2db82a9a7e82\/nccdh-e-news-bulletin-electronique-du-ccnds-april2025avril\"><\/a><\/p>\n","protected":false},"excerpt":{"rendered":"<p>L\u2019infolettre du CCNDS est diffus\u00e9e tous les deux mois \u00e0 l\u2019aide de la liste de destinataires de partout au pays qui travaillent en sant\u00e9 publique ou qui s\u2019int\u00e9ressent \u00e0 la sant\u00e9 publique et qui veulent rester au fait de ce qui se passe dans le domaine. L\u2019infolettre pr\u00e9sente les plus r\u00e9centes ressources, les activit\u00e9s et [&hellip;]<\/p>\n","protected":false},"author":2,"featured_media":0,"parent":0,"menu_order":0,"comment_status":"closed","ping_status":"closed","template":"","meta":{"_acf_changed":false,"_relevanssi_hide_post":"","_relevanssi_hide_content":"","_relevanssi_pin_for_all":"","_relevanssi_pin_keywords":"","_relevanssi_unpin_keywords":"","_relevanssi_related_keywords":"","_relevanssi_related_include_ids":"","_relevanssi_related_exclude_ids":"","_relevanssi_related_no_append":"","_relevanssi_related_not_related":"","_relevanssi_related_posts":"14201,14161,14149,14463,14227,14261","_relevanssi_noindex_reason":"","_uag_custom_page_level_css":"","site-sidebar-layout":"right-sidebar","site-content-layout":"","ast-site-content-layout":"default","site-content-style":"default","site-sidebar-style":"default","ast-global-header-display":"","ast-banner-title-visibility":"","ast-main-header-display":"","ast-hfb-above-header-display":"","ast-hfb-below-header-display":"","ast-hfb-mobile-header-display":"","site-post-title":"","ast-breadcrumbs-content":"","ast-featured-img":"","footer-sml-layout":"","ast-disable-related-posts":"","theme-transparent-header-meta":"","adv-header-id-meta":"12213","stick-header-meta":"","header-above-stick-meta":"","header-main-stick-meta":"","header-below-stick-meta":"","astra-migrate-meta-layouts":"default","ast-page-background-enabled":"default","ast-page-background-meta":{"desktop":{"background-color":"var(--ast-global-color-4)","background-image":"","background-repeat":"repeat","background-position":"center center","background-size":"auto","background-attachment":"scroll","background-type":"","background-media":"","overlay-type":"","overlay-color":"","overlay-opacity":"","overlay-gradient":""},"tablet":{"background-color":"","background-image":"","background-repeat":"repeat","background-position":"center center","background-size":"auto","background-attachment":"scroll","background-type":"","background-media":"","overlay-type":"","overlay-color":"","overlay-opacity":"","overlay-gradient":""},"mobile":{"background-color":"","background-image":"","background-repeat":"repeat","background-position":"center center","background-size":"auto","background-attachment":"scroll","background-type":"","background-media":"","overlay-type":"","overlay-color":"","overlay-opacity":"","overlay-gradient":""}},"ast-content-background-meta":{"desktop":{"background-color":"var(--ast-global-color-5)","background-image":"","background-repeat":"repeat","background-position":"center center","background-size":"auto","background-attachment":"scroll","background-type":"","background-media":"","overlay-type":"","overlay-color":"","overlay-opacity":"","overlay-gradient":""},"tablet":{"background-color":"var(--ast-global-color-5)","background-image":"","background-repeat":"repeat","background-position":"center center","background-size":"auto","background-attachment":"scroll","background-type":"","background-media":"","overlay-type":"","overlay-color":"","overlay-opacity":"","overlay-gradient":""},"mobile":{"background-color":"var(--ast-global-color-5)","background-image":"","background-repeat":"repeat","background-position":"center center","background-size":"auto","background-attachment":"scroll","background-type":"","background-media":"","overlay-type":"","overlay-color":"","overlay-opacity":"","overlay-gradient":""}},"footnotes":""},"class_list":["post-13121","page","type-page","status-publish","hentry"],"acf":[],"uagb_featured_image_src":{"full":false,"thumbnail":false,"medium":false,"medium_large":false,"large":false,"1536x1536":false,"2048x2048":false},"uagb_author_info":{"display_name":"Caralyn Vossen","author_link":"https:\/\/nccdh-dev.media-doc.ca\/fr\/author\/cvossenstfx-ca\/"},"uagb_comment_info":0,"uagb_excerpt":"L\u2019infolettre du CCNDS est diffus\u00e9e tous les deux mois \u00e0 l\u2019aide de la liste de destinataires de partout au pays qui travaillent en sant\u00e9 publique ou qui s\u2019int\u00e9ressent \u00e0 la sant\u00e9 publique et qui veulent rester au fait de ce qui se passe dans le domaine. L\u2019infolettre pr\u00e9sente les plus r\u00e9centes ressources, les activit\u00e9s et\u2026","_links":{"self":[{"href":"https:\/\/nccdh-dev.media-doc.ca\/fr\/wp-json\/wp\/v2\/pages\/13121","targetHints":{"allow":["GET"]}}],"collection":[{"href":"https:\/\/nccdh-dev.media-doc.ca\/fr\/wp-json\/wp\/v2\/pages"}],"about":[{"href":"https:\/\/nccdh-dev.media-doc.ca\/fr\/wp-json\/wp\/v2\/types\/page"}],"author":[{"embeddable":true,"href":"https:\/\/nccdh-dev.media-doc.ca\/fr\/wp-json\/wp\/v2\/users\/2"}],"replies":[{"embeddable":true,"href":"https:\/\/nccdh-dev.media-doc.ca\/fr\/wp-json\/wp\/v2\/comments?post=13121"}],"version-history":[{"count":6,"href":"https:\/\/nccdh-dev.media-doc.ca\/fr\/wp-json\/wp\/v2\/pages\/13121\/revisions"}],"predecessor-version":[{"id":16051,"href":"https:\/\/nccdh-dev.media-doc.ca\/fr\/wp-json\/wp\/v2\/pages\/13121\/revisions\/16051"}],"wp:attachment":[{"href":"https:\/\/nccdh-dev.media-doc.ca\/fr\/wp-json\/wp\/v2\/media?parent=13121"}],"curies":[{"name":"wp","href":"https:\/\/api.w.org\/{rel}","templated":true}]}}