{"id":12207,"date":"2024-11-11T22:24:02","date_gmt":"2024-11-11T22:24:02","guid":{"rendered":"http:\/\/nccdh.local\/?page_id=12207"},"modified":"2024-11-11T22:24:44","modified_gmt":"2024-11-11T22:24:44","slug":"a-propos-des-determinants-sociaux-de-la-sante","status":"publish","type":"page","link":"https:\/\/nccdh-dev.media-doc.ca\/fr\/learn\/a-propos-des-determinants-sociaux-de-la-sante\/","title":{"rendered":"\u00c0 propos des d\u00e9terminants sociaux de la sant\u00e9"},"content":{"rendered":"\n<p>Our health is determined to a large extent by the conditions of everyday life, and by the systems put in place to promote health, prevent disease, and support us when we get sick. The \u2018social determinants of health\u2019 (SDH) is a name given to the many social conditions that interact to influence our health and well-being, the circumstances in which people are born, grow up, live, work and age.\u00a0<\/p>\n\n\n\n<p>The&nbsp;<a href=\"http:\/\/www.who.int\/social_determinants\/thecommission\/en\/\">World Health Organization (WHO) Commission on the Social Determinants of Health<\/a>&nbsp;wrote in their&nbsp;<a href=\"http:\/\/www.who.int\/social_determinants\/thecommission\/finalreport\/en\/index.html\">final report&nbsp;<\/a>that the \u201cunequal distribution of health-damaging experiences is not in any sense a \u2018natural phenomenon but is the result of a toxic combination of poor social policies and programs, unfair economic arrangements, and bad politics.\u201d&nbsp;<\/p>\n\n\n\n<p>The WHO Commission proposes three overarching recommendations for action to improve the SDH, including:<\/p>\n\n\n\n<ul class=\"wp-block-list\">\n<li>Improve daily living conditions;<\/li>\n\n\n\n<li>Tackle the inequitable distribution of power, money, and resources;<\/li>\n\n\n\n<li>Measure and understand the problem and assess the impact of action.<\/li>\n<\/ul>\n\n\n\n<p>Explore&nbsp;<a href=\"https:\/\/nccdh-dev.media-doc.ca\/resources\/results\/eyJyZXN1bHRfcGFnZSI6InJlc291cmNlc1wvcmVzdWx0cyIsInJlcXVpcmVfYWxsIjoiY2F0ZWdvcnkiLCJjYXRlZ29yeSI6IjkifQ\">key historical documents and resources<\/a>&nbsp;to learn more about the social determinants of health.<\/p>\n","protected":false},"excerpt":{"rendered":"<p>Our health is determined to a large extent by the conditions of everyday life, and by the systems put in place to promote health, prevent disease, and support us when we get sick. The \u2018social determinants of health\u2019 (SDH) is a name given to the many social conditions that interact to influence our health and [&hellip;]<\/p>\n","protected":false},"author":2,"featured_media":0,"parent":8023,"menu_order":0,"comment_status":"closed","ping_status":"closed","template":"","meta":{"_acf_changed":false,"_relevanssi_hide_post":"","_relevanssi_hide_content":"","_relevanssi_pin_for_all":"","_relevanssi_pin_keywords":"","_relevanssi_unpin_keywords":"","_relevanssi_related_keywords":"","_relevanssi_related_include_ids":"","_relevanssi_related_exclude_ids":"","_relevanssi_related_no_append":"","_relevanssi_related_not_related":"","_relevanssi_related_posts":"","_relevanssi_noindex_reason":"","_uag_custom_page_level_css":"","site-sidebar-layout":"default","site-content-layout":"","ast-site-content-layout":"default","site-content-style":"default","site-sidebar-style":"default","ast-global-header-display":"","ast-banner-title-visibility":"","ast-main-header-display":"","ast-hfb-above-header-display":"","ast-hfb-below-header-display":"","ast-hfb-mobile-header-display":"","site-post-title":"","ast-breadcrumbs-content":"","ast-featured-img":"","footer-sml-layout":"","ast-disable-related-posts":"","theme-transparent-header-meta":"","adv-header-id-meta":"","stick-header-meta":"","header-above-stick-meta":"","header-main-stick-meta":"","header-below-stick-meta":"","astra-migrate-meta-layouts":"default","ast-page-background-enabled":"default","ast-page-background-meta":{"desktop":{"background-color":"var(--ast-global-color-4)","background-image":"","background-repeat":"repeat","background-position":"center center","background-size":"auto","background-attachment":"scroll","background-type":"","background-media":"","overlay-type":"","overlay-color":"","overlay-opacity":"","overlay-gradient":""},"tablet":{"background-color":"","background-image":"","background-repeat":"repeat","background-position":"center center","background-size":"auto","background-attachment":"scroll","background-type":"","background-media":"","overlay-type":"","overlay-color":"","overlay-opacity":"","overlay-gradient":""},"mobile":{"background-color":"","background-image":"","background-repeat":"repeat","background-position":"center center","background-size":"auto","background-attachment":"scroll","background-type":"","background-media":"","overlay-type":"","overlay-color":"","overlay-opacity":"","overlay-gradient":""}},"ast-content-background-meta":{"desktop":{"background-color":"var(--ast-global-color-5)","background-image":"","background-repeat":"repeat","background-position":"center center","background-size":"auto","background-attachment":"scroll","background-type":"","background-media":"","overlay-type":"","overlay-color":"","overlay-opacity":"","overlay-gradient":""},"tablet":{"background-color":"var(--ast-global-color-5)","background-image":"","background-repeat":"repeat","background-position":"center center","background-size":"auto","background-attachment":"scroll","background-type":"","background-media":"","overlay-type":"","overlay-color":"","overlay-opacity":"","overlay-gradient":""},"mobile":{"background-color":"var(--ast-global-color-5)","background-image":"","background-repeat":"repeat","background-position":"center center","background-size":"auto","background-attachment":"scroll","background-type":"","background-media":"","overlay-type":"","overlay-color":"","overlay-opacity":"","overlay-gradient":""}},"footnotes":""},"class_list":["post-12207","page","type-page","status-publish","hentry"],"acf":[],"uagb_featured_image_src":{"full":false,"thumbnail":false,"medium":false,"medium_large":false,"large":false,"1536x1536":false,"2048x2048":false},"uagb_author_info":{"display_name":"Caralyn Vossen","author_link":"https:\/\/nccdh-dev.media-doc.ca\/fr\/author\/cvossenstfx-ca\/"},"uagb_comment_info":0,"uagb_excerpt":"Our health is determined to a large extent by the conditions of everyday life, and by the systems put in place to promote health, prevent disease, and support us when we get sick. The \u2018social determinants of health\u2019 (SDH) is a name given to the many social conditions that interact to influence our health and\u2026","_links":{"self":[{"href":"https:\/\/nccdh-dev.media-doc.ca\/fr\/wp-json\/wp\/v2\/pages\/12207","targetHints":{"allow":["GET"]}}],"collection":[{"href":"https:\/\/nccdh-dev.media-doc.ca\/fr\/wp-json\/wp\/v2\/pages"}],"about":[{"href":"https:\/\/nccdh-dev.media-doc.ca\/fr\/wp-json\/wp\/v2\/types\/page"}],"author":[{"embeddable":true,"href":"https:\/\/nccdh-dev.media-doc.ca\/fr\/wp-json\/wp\/v2\/users\/2"}],"replies":[{"embeddable":true,"href":"https:\/\/nccdh-dev.media-doc.ca\/fr\/wp-json\/wp\/v2\/comments?post=12207"}],"version-history":[{"count":1,"href":"https:\/\/nccdh-dev.media-doc.ca\/fr\/wp-json\/wp\/v2\/pages\/12207\/revisions"}],"predecessor-version":[{"id":12208,"href":"https:\/\/nccdh-dev.media-doc.ca\/fr\/wp-json\/wp\/v2\/pages\/12207\/revisions\/12208"}],"up":[{"embeddable":true,"href":"https:\/\/nccdh-dev.media-doc.ca\/fr\/wp-json\/wp\/v2\/pages\/8023"}],"wp:attachment":[{"href":"https:\/\/nccdh-dev.media-doc.ca\/fr\/wp-json\/wp\/v2\/media?parent=12207"}],"curies":[{"name":"wp","href":"https:\/\/api.w.org\/{rel}","templated":true}]}}