{"id":12199,"date":"2024-11-11T22:06:14","date_gmt":"2024-11-11T22:06:14","guid":{"rendered":"http:\/\/nccdh.local\/?page_id=12199"},"modified":"2024-11-11T22:20:09","modified_gmt":"2024-11-11T22:20:09","slug":"serie-parlons-en","status":"publish","type":"page","link":"https:\/\/nccdh-dev.media-doc.ca\/fr\/learn\/serie-parlons-en\/","title":{"rendered":"S\u00e9rie \u00ab Parlons-en \u00bb"},"content":{"rendered":"\n<p><strong>S\u00e9rie \u00ab Parlons-en \u00bb<\/strong>\u00a0Cette collection de documents a pour objectif de favoriser les discussions et de mieux faire comprendre comment les principaux concepts associ\u00e9s \u00e0 l\u2019\u00e9quit\u00e9 en sant\u00e9 s\u2019appliquent au domaine de la sant\u00e9 publique. \u00c0 la fin de chacun des documents, une s\u00e9rie de questions \u00e0 d\u00e9battre peuvent servir \u00e0 entamer un dialogue, une r\u00e9flexion et une d\u00e9marche de mani\u00e8re \u00e0 agir sur les d\u00e9terminants sociaux de la sant\u00e9.<\/p>\n\n\n\n<p><\/p>\n","protected":false},"excerpt":{"rendered":"<p>S\u00e9rie \u00ab Parlons-en \u00bb\u00a0Cette collection de documents a pour objectif de favoriser les discussions et de mieux faire comprendre comment les principaux concepts associ\u00e9s \u00e0 l\u2019\u00e9quit\u00e9 en sant\u00e9 s\u2019appliquent au domaine de la sant\u00e9 publique. \u00c0 la fin de chacun des documents, une s\u00e9rie de questions \u00e0 d\u00e9battre peuvent servir \u00e0 entamer un dialogue, une [&hellip;]<\/p>\n","protected":false},"author":2,"featured_media":0,"parent":8023,"menu_order":0,"comment_status":"closed","ping_status":"closed","template":"templates\/nccdh-series.php","meta":{"_acf_changed":false,"_relevanssi_hide_post":"","_relevanssi_hide_content":"","_relevanssi_pin_for_all":"","_relevanssi_pin_keywords":"","_relevanssi_unpin_keywords":"","_relevanssi_related_keywords":"","_relevanssi_related_include_ids":"","_relevanssi_related_exclude_ids":"","_relevanssi_related_no_append":"","_relevanssi_related_not_related":"","_relevanssi_related_posts":"","_relevanssi_noindex_reason":"","_uag_custom_page_level_css":"","site-sidebar-layout":"default","site-content-layout":"","ast-site-content-layout":"default","site-content-style":"default","site-sidebar-style":"default","ast-global-header-display":"","ast-banner-title-visibility":"","ast-main-header-display":"","ast-hfb-above-header-display":"","ast-hfb-below-header-display":"","ast-hfb-mobile-header-display":"","site-post-title":"","ast-breadcrumbs-content":"","ast-featured-img":"","footer-sml-layout":"","ast-disable-related-posts":"","theme-transparent-header-meta":"","adv-header-id-meta":"","stick-header-meta":"","header-above-stick-meta":"","header-main-stick-meta":"","header-below-stick-meta":"","astra-migrate-meta-layouts":"default","ast-page-background-enabled":"default","ast-page-background-meta":{"desktop":{"background-color":"var(--ast-global-color-4)","background-image":"","background-repeat":"repeat","background-position":"center center","background-size":"auto","background-attachment":"scroll","background-type":"","background-media":"","overlay-type":"","overlay-color":"","overlay-opacity":"","overlay-gradient":""},"tablet":{"background-color":"","background-image":"","background-repeat":"repeat","background-position":"center center","background-size":"auto","background-attachment":"scroll","background-type":"","background-media":"","overlay-type":"","overlay-color":"","overlay-opacity":"","overlay-gradient":""},"mobile":{"background-color":"","background-image":"","background-repeat":"repeat","background-position":"center center","background-size":"auto","background-attachment":"scroll","background-type":"","background-media":"","overlay-type":"","overlay-color":"","overlay-opacity":"","overlay-gradient":""}},"ast-content-background-meta":{"desktop":{"background-color":"var(--ast-global-color-5)","background-image":"","background-repeat":"repeat","background-position":"center center","background-size":"auto","background-attachment":"scroll","background-type":"","background-media":"","overlay-type":"","overlay-color":"","overlay-opacity":"","overlay-gradient":""},"tablet":{"background-color":"var(--ast-global-color-5)","background-image":"","background-repeat":"repeat","background-position":"center center","background-size":"auto","background-attachment":"scroll","background-type":"","background-media":"","overlay-type":"","overlay-color":"","overlay-opacity":"","overlay-gradient":""},"mobile":{"background-color":"var(--ast-global-color-5)","background-image":"","background-repeat":"repeat","background-position":"center center","background-size":"auto","background-attachment":"scroll","background-type":"","background-media":"","overlay-type":"","overlay-color":"","overlay-opacity":"","overlay-gradient":""}},"footnotes":""},"class_list":["post-12199","page","type-page","status-publish","hentry"],"acf":[],"uagb_featured_image_src":{"full":false,"thumbnail":false,"medium":false,"medium_large":false,"large":false,"1536x1536":false,"2048x2048":false},"uagb_author_info":{"display_name":"Caralyn Vossen","author_link":"https:\/\/nccdh-dev.media-doc.ca\/fr\/author\/cvossenstfx-ca\/"},"uagb_comment_info":0,"uagb_excerpt":"S\u00e9rie \u00ab Parlons-en \u00bb\u00a0Cette collection de documents a pour objectif de favoriser les discussions et de mieux faire comprendre comment les principaux concepts associ\u00e9s \u00e0 l\u2019\u00e9quit\u00e9 en sant\u00e9 s\u2019appliquent au domaine de la sant\u00e9 publique. \u00c0 la fin de chacun des documents, une s\u00e9rie de questions \u00e0 d\u00e9battre peuvent servir \u00e0 entamer un dialogue, une\u2026","_links":{"self":[{"href":"https:\/\/nccdh-dev.media-doc.ca\/fr\/wp-json\/wp\/v2\/pages\/12199","targetHints":{"allow":["GET"]}}],"collection":[{"href":"https:\/\/nccdh-dev.media-doc.ca\/fr\/wp-json\/wp\/v2\/pages"}],"about":[{"href":"https:\/\/nccdh-dev.media-doc.ca\/fr\/wp-json\/wp\/v2\/types\/page"}],"author":[{"embeddable":true,"href":"https:\/\/nccdh-dev.media-doc.ca\/fr\/wp-json\/wp\/v2\/users\/2"}],"replies":[{"embeddable":true,"href":"https:\/\/nccdh-dev.media-doc.ca\/fr\/wp-json\/wp\/v2\/comments?post=12199"}],"version-history":[{"count":1,"href":"https:\/\/nccdh-dev.media-doc.ca\/fr\/wp-json\/wp\/v2\/pages\/12199\/revisions"}],"predecessor-version":[{"id":12200,"href":"https:\/\/nccdh-dev.media-doc.ca\/fr\/wp-json\/wp\/v2\/pages\/12199\/revisions\/12200"}],"up":[{"embeddable":true,"href":"https:\/\/nccdh-dev.media-doc.ca\/fr\/wp-json\/wp\/v2\/pages\/8023"}],"wp:attachment":[{"href":"https:\/\/nccdh-dev.media-doc.ca\/fr\/wp-json\/wp\/v2\/media?parent=12199"}],"curies":[{"name":"wp","href":"https:\/\/api.w.org\/{rel}","templated":true}]}}