{"id":12183,"date":"2024-11-11T21:50:55","date_gmt":"2024-11-11T21:50:55","guid":{"rendered":"http:\/\/nccdh.local\/?page_id=12183"},"modified":"2024-11-11T21:51:44","modified_gmt":"2024-11-11T21:51:44","slug":"analyses-du-contexte-realisees-par-le-ccnds","status":"publish","type":"page","link":"https:\/\/nccdh-dev.media-doc.ca\/fr\/nos-activites\/analyses-du-contexte-realisees-par-le-ccnds\/","title":{"rendered":"Analyses du contexte r\u00e9alis\u00e9es par le CCNDS"},"content":{"rendered":"\n<h3 class=\"wp-block-heading\">Qu\u2019est-ce qu\u2019une analyse du contexte?&nbsp;<\/h3>\n\n\n\n<p>L\u2019analyse du contexte est un outil pr\u00e9visionnel servant \u00e0 synth\u00e9tiser les connaissances, \u00e0 \u00e9clairer les prises de d\u00e9cisions et \u00e0 soutenir les changements organisationnels et syst\u00e9miques.&nbsp;Bien que le processus d\u2019analyse du contexte soit issu du monde des affaires, il est employ\u00e9 dans le secteur de la sant\u00e9 et le domaine de la sant\u00e9 publique depuis de nombreuses ann\u00e9es.<\/p>\n\n\n\n<h3 class=\"wp-block-heading\">Analyses du contexte du CCNDS<\/h3>\n\n\n\n<p>L\u2019\u00e9quipe du CCNDS r\u00e9alise une analyse du contexte \u00e0 intervalles r\u00e9guliers depuis 2010. Les rapports en d\u00e9coulant jouent un r\u00f4le pr\u00e9pond\u00e9rant dans l\u2019enrichissement de la base des connaissances commune en mati\u00e8re de sant\u00e9 publique et d\u2019\u00e9quit\u00e9 en sant\u00e9. Ils servent directement \u00e0 orienter les projets et la planification strat\u00e9gique du CCNDS et de ses principaux partenaires.&nbsp;<\/p>\n\n\n\n<p>La collection de ressources du CCNDS contient les analyses du contexte et le mat\u00e9riel connexe produits par le CCNDS : &nbsp;&nbsp;<\/p>\n\n\n\n<ul class=\"wp-block-list\">\n<li><a href=\"https:\/\/nccdh-dev.media-doc.ca\/fr\/resources\/entry\/building-a-culture-of-equity-2017-environmental-scan\">Instaurer une culture d\u2019\u00e9quit\u00e9 dans le secteur de la sant\u00e9 publique au Canada\u202f: Une analyse du contexte<\/a>\u00a0(2018)\u00a0<\/li>\n\n\n\n<li><a href=\"https:\/\/nccdh-dev.media-doc.ca\/fr\/resources\/entry\/boosting-momentum\">Aviver l\u2019int\u00e9r\u00eat\u202f: Appliquer les connaissances pour faire avancer l\u2019\u00e9quit\u00e9 en sant\u00e9 \u2013 Analyse du contexte\u202f2014<\/a>\u00a0(2014)<\/li>\n\n\n\n<li><a href=\"https:\/\/nccdh-dev.media-doc.ca\/fr\/resources\/entry\/scan\/\">L\u2019int\u00e9gration des d\u00e9terminants sociaux de la sant\u00e9 et de l\u2019\u00e9quit\u00e9 en sant\u00e9 dans les pratiques de sant\u00e9 publique au Canada\u202f: Analyse du contexte en 2010<\/a>\u00a0(2010)\u00a0<\/li>\n<\/ul>\n\n\n\n<h3 class=\"wp-block-heading\">&nbsp;<\/h3>\n\n\n\n<h3 class=\"wp-block-heading\">Analyse du contexte en cours<\/h3>\n\n\n\n<p>L\u2019analyse du contexte en cours au CCNDS vise \u00e0 d\u00e9terminer les fa\u00e7ons de soutenir, de diriger et d\u2019influencer une d\u00e9marche transformatrice et de favoriser ainsi l\u2019action en mati\u00e8re de d\u00e9terminants structurels et sociaux de la sant\u00e9 dans le domaine de la sant\u00e9 publique.&nbsp;<\/p>\n\n\n\n<p>L\u2019analyse du contexte\u202fen cours&nbsp;repose sur les questions suivantes\u202f:&nbsp;<\/p>\n\n\n\n<ol class=\"wp-block-list\">\n<li>Quel est le portrait du bagage de connaissances et d\u2019exp\u00e9rience acquis en sant\u00e9 publique au Canada (dans toutes les sph\u00e8res) pour ce qui est d\u2019agir sur les d\u00e9terminants structurels et sociaux de la sant\u00e9? \u00a0\u00a0<\/li>\n\n\n\n<li>Quelles sont les lacunes \u00e0 combler relativement aux r\u00f4les et aux mesures \u00e0 prendre afin de faciliter les d\u00e9marches en mati\u00e8re de d\u00e9terminants structurels et sociaux de la sant\u00e9?\u00a0<\/li>\n\n\n\n<li>Quels r\u00f4les devraient jouer le CCNDS pour soutenir les mesures prises en sant\u00e9 publique par rapport aux d\u00e9terminants structurels et sociaux de la sant\u00e9? \u00a0<\/li>\n<\/ol>\n\n\n\n<p>Pour faire participer le milieu de la sant\u00e9 publique du Canada au processus, l\u2019\u00e9quipe du CCNDS utilisera une approche modulaire sp\u00e9cifiquement adapt\u00e9e \u00e0 cette fin, notamment une revue exploratoire de la litt\u00e9rature (termin\u00e9e), un sondage en ligne (termin\u00e9e) et diff\u00e9rents entretiens strat\u00e9giques (en cours).&nbsp;<\/p>\n\n\n\n<p>Les r\u00e9sultats d\u2019analyse des renseignements recueillis seront communiqu\u00e9s aux acteurs de la sant\u00e9 publique, y compris les partenaires et les collaborateurs.&nbsp;<\/p>\n\n\n\n<figure class=\"wp-block-table\"><table class=\"has-fixed-layout\"><tbody><tr><td>Praticiens, chercheurs, d\u00e9cisionnaires, responsables de l\u2019\u00e9laboration des politiques et partenaires\/collaborateurs de toutes les sph\u00e8res de la sant\u00e9 publique : exprimez-vous! Sur quoi travaillez-vous en ce moment et comment pourrions-nous mieux soutenir votre travail?Donnez vos id\u00e9es et votre avis dans le cadre de notre analyse du contexte au Canada.<\/td><\/tr><tr><td>Pour en savoir plus au sujet des autres fa\u00e7ons de participer au projet en cours ou \u00e0 d\u2019autres activit\u00e9s du CCNDS, abonnez-vous \u00e0 notre&nbsp;<a href=\"http:\/\/eepurl.com\/dzGSDf\" rel=\"noreferrer noopener\" target=\"_blank\">liste de diffusion<\/a>!&nbsp;<\/td><\/tr><\/tbody><\/table><\/figure>\n","protected":false},"excerpt":{"rendered":"<p>Qu\u2019est-ce qu\u2019une analyse du contexte?&nbsp; L\u2019analyse du contexte est un outil pr\u00e9visionnel servant \u00e0 synth\u00e9tiser les connaissances, \u00e0 \u00e9clairer les prises de d\u00e9cisions et \u00e0 soutenir les changements organisationnels et syst\u00e9miques.&nbsp;Bien que le processus d\u2019analyse du contexte soit issu du monde des affaires, il est employ\u00e9 dans le secteur de la sant\u00e9 et le domaine [&hellip;]<\/p>\n","protected":false},"author":2,"featured_media":0,"parent":12157,"menu_order":0,"comment_status":"closed","ping_status":"closed","template":"","meta":{"_acf_changed":false,"_relevanssi_hide_post":"","_relevanssi_hide_content":"","_relevanssi_pin_for_all":"","_relevanssi_pin_keywords":"","_relevanssi_unpin_keywords":"","_relevanssi_related_keywords":"","_relevanssi_related_include_ids":"","_relevanssi_related_exclude_ids":"","_relevanssi_related_no_append":"","_relevanssi_related_not_related":"","_relevanssi_related_posts":"","_relevanssi_noindex_reason":"","_uag_custom_page_level_css":"","site-sidebar-layout":"default","site-content-layout":"","ast-site-content-layout":"default","site-content-style":"default","site-sidebar-style":"default","ast-global-header-display":"","ast-banner-title-visibility":"","ast-main-header-display":"","ast-hfb-above-header-display":"","ast-hfb-below-header-display":"","ast-hfb-mobile-header-display":"","site-post-title":"","ast-breadcrumbs-content":"","ast-featured-img":"","footer-sml-layout":"","ast-disable-related-posts":"","theme-transparent-header-meta":"","adv-header-id-meta":"","stick-header-meta":"","header-above-stick-meta":"","header-main-stick-meta":"","header-below-stick-meta":"","astra-migrate-meta-layouts":"default","ast-page-background-enabled":"default","ast-page-background-meta":{"desktop":{"background-color":"var(--ast-global-color-4)","background-image":"","background-repeat":"repeat","background-position":"center center","background-size":"auto","background-attachment":"scroll","background-type":"","background-media":"","overlay-type":"","overlay-color":"","overlay-opacity":"","overlay-gradient":""},"tablet":{"background-color":"","background-image":"","background-repeat":"repeat","background-position":"center center","background-size":"auto","background-attachment":"scroll","background-type":"","background-media":"","overlay-type":"","overlay-color":"","overlay-opacity":"","overlay-gradient":""},"mobile":{"background-color":"","background-image":"","background-repeat":"repeat","background-position":"center center","background-size":"auto","background-attachment":"scroll","background-type":"","background-media":"","overlay-type":"","overlay-color":"","overlay-opacity":"","overlay-gradient":""}},"ast-content-background-meta":{"desktop":{"background-color":"var(--ast-global-color-5)","background-image":"","background-repeat":"repeat","background-position":"center center","background-size":"auto","background-attachment":"scroll","background-type":"","background-media":"","overlay-type":"","overlay-color":"","overlay-opacity":"","overlay-gradient":""},"tablet":{"background-color":"var(--ast-global-color-5)","background-image":"","background-repeat":"repeat","background-position":"center center","background-size":"auto","background-attachment":"scroll","background-type":"","background-media":"","overlay-type":"","overlay-color":"","overlay-opacity":"","overlay-gradient":""},"mobile":{"background-color":"var(--ast-global-color-5)","background-image":"","background-repeat":"repeat","background-position":"center center","background-size":"auto","background-attachment":"scroll","background-type":"","background-media":"","overlay-type":"","overlay-color":"","overlay-opacity":"","overlay-gradient":""}},"footnotes":""},"class_list":["post-12183","page","type-page","status-publish","hentry"],"acf":[],"uagb_featured_image_src":{"full":false,"thumbnail":false,"medium":false,"medium_large":false,"large":false,"1536x1536":false,"2048x2048":false},"uagb_author_info":{"display_name":"Caralyn Vossen","author_link":"https:\/\/nccdh-dev.media-doc.ca\/fr\/author\/cvossenstfx-ca\/"},"uagb_comment_info":0,"uagb_excerpt":"Qu\u2019est-ce qu\u2019une analyse du contexte?&nbsp; L\u2019analyse du contexte est un outil pr\u00e9visionnel servant \u00e0 synth\u00e9tiser les connaissances, \u00e0 \u00e9clairer les prises de d\u00e9cisions et \u00e0 soutenir les changements organisationnels et syst\u00e9miques.&nbsp;Bien que le processus d\u2019analyse du contexte soit issu du monde des affaires, il est employ\u00e9 dans le secteur de la sant\u00e9 et le domaine\u2026","_links":{"self":[{"href":"https:\/\/nccdh-dev.media-doc.ca\/fr\/wp-json\/wp\/v2\/pages\/12183","targetHints":{"allow":["GET"]}}],"collection":[{"href":"https:\/\/nccdh-dev.media-doc.ca\/fr\/wp-json\/wp\/v2\/pages"}],"about":[{"href":"https:\/\/nccdh-dev.media-doc.ca\/fr\/wp-json\/wp\/v2\/types\/page"}],"author":[{"embeddable":true,"href":"https:\/\/nccdh-dev.media-doc.ca\/fr\/wp-json\/wp\/v2\/users\/2"}],"replies":[{"embeddable":true,"href":"https:\/\/nccdh-dev.media-doc.ca\/fr\/wp-json\/wp\/v2\/comments?post=12183"}],"version-history":[{"count":1,"href":"https:\/\/nccdh-dev.media-doc.ca\/fr\/wp-json\/wp\/v2\/pages\/12183\/revisions"}],"predecessor-version":[{"id":12184,"href":"https:\/\/nccdh-dev.media-doc.ca\/fr\/wp-json\/wp\/v2\/pages\/12183\/revisions\/12184"}],"up":[{"embeddable":true,"href":"https:\/\/nccdh-dev.media-doc.ca\/fr\/wp-json\/wp\/v2\/pages\/12157"}],"wp:attachment":[{"href":"https:\/\/nccdh-dev.media-doc.ca\/fr\/wp-json\/wp\/v2\/media?parent=12183"}],"curies":[{"name":"wp","href":"https:\/\/api.w.org\/{rel}","templated":true}]}}