{"id":12179,"date":"2024-11-11T21:47:24","date_gmt":"2024-11-11T21:47:24","guid":{"rendered":"http:\/\/nccdh.local\/?page_id=12179"},"modified":"2024-11-11T21:48:38","modified_gmt":"2024-11-11T21:48:38","slug":"covid-19-reponses-tenant-compte-de-lequite","status":"publish","type":"page","link":"https:\/\/nccdh-dev.media-doc.ca\/fr\/nos-activites\/covid-19-reponses-tenant-compte-de-lequite\/","title":{"rendered":"COVID-19 : r\u00e9ponses tenant compte de l\u2019\u00e9quit\u00e9"},"content":{"rendered":"\n<p><strong><em>Pour en savoir plus sur les mesures mises en place dans votre r\u00e9gion,\u00a0<a href=\"https:\/\/www.canada.ca\/fr\/sante-publique\/services\/maladies\/2019-nouveau-coronavirus\/symptomes\/ressources-provinces-territoires-covid-19.html\" target=\"_blank\" rel=\"noreferrer noopener\">visitez le site Web de votre autorit\u00e9 sanitaire<\/a>.<\/em><\/strong><\/p>\n\n\n\n<p>Avec la progression rapide de la pand\u00e9mie de COVID-19, l\u2019\u00e9quit\u00e9 et la solidarit\u00e9, entre autres valeurs, doivent \u00e9clairer la r\u00e9ponse mondiale.<\/p>\n\n\n\n<p>Comme soci\u00e9t\u00e9, nous devons \u00eatre conscients que la COVID-19 ne tardera pas \u00e0 refl\u00e9ter et amplifier les iniquit\u00e9s, et nous devons \u00e9laborer nos solutions en cons\u00e9quence.<\/p>\n\n\n\n<p>Ainsi, l\u2019\u00e9quit\u00e9 doit \u00eatre au c\u0153ur de toutes nos d\u00e9cisions et actions.<\/p>\n\n\n\n<p>Au CCNDS, nous nous attaquons \u00e0 la COVID-19 en nous penchant sur les effets diff\u00e9rentiels de la&nbsp;maladie et mettant l\u2019accent sur les interventions empreintes d\u2019\u00e9quit\u00e9. Nous axons notre d\u00e9marche sur les activit\u00e9s suivantes&nbsp;:<\/p>\n\n\n\n<p>1. Organisation d\u2019une s\u00e9rie de conversations (webinaires)<\/p>\n\n\n\n<ul class=\"wp-block-list\">\n<li>S\u00e9rie de discussion 1 (en anglais seulement) :\u00a0<a href=\"https:\/\/nccdh-dev.media-doc.ca\/fr\/workshops-events\/entry\/COVID-19-webinar-conversation-series\">Health equity, determinants of health and COVID-19<\/a>\u00a0(l\u2019\u00e9quit\u00e9 en sant\u00e9, les d\u00e9terminants de la sant\u00e9 et la COVID-19)\u00a0(d&rsquo;avril \u00e0 mai 2020)<\/li>\n\n\n\n<li>S\u00e9rie de discussion 2 (en anglais, avec sous-titrage en anglais et interpr\u00e9tation simultan\u00e9e en fran\u00e7ais.) :\u00a0<a href=\"https:\/\/nccdh-dev.media-doc.ca\/fr\/workshops-events\/entry\/from-risk-to-resilience\">Du risque \u00e0 la r\u00e9silience : Une approche ax\u00e9e sur l\u2019\u00e9quit\u00e9 en sant\u00e9 pour la planification, l\u2019intervention et le r\u00e9tablissement en situation de pand\u00e9mie<\/a>\u00a0(de f\u00e9vrier \u00e0 mars 2021)<\/li>\n\n\n\n<li>S\u00e9rie de discussion 3\u00a0(en anglais, avec sous-titrage en anglais et interpr\u00e9tation simultan\u00e9e en fran\u00e7ais.) :\u00a0<a href=\"https:\/\/nccdh-dev.media-doc.ca\/fr\/workshops-events\/entry\/covid-19-conversation-series-recovery-and-regeneration-in-the-face-of-overlapping-crises\">R\u00e9tablissement et r\u00e9g\u00e9n\u00e9ration en d\u00e9pit des crises entrecrois\u00e9es<\/a>\u00a0(de\u00a0mars\u00a0\u00e0 juin 2022)<\/li>\n\n\n\n<li>S\u00e9rie de discussion 4 (en anglais seulement) :\u00a0<a href=\"https:\/\/nccdh-dev.media-doc.ca\/fr\/workshops-events\/entry\/fourth-covid-19-conversation-series\">Shifting worldviews: Stories about advancing equity and justice<\/a>\u00a0(d&rsquo;octobre\u00a0\u00e0 novembre\u00a02023)<\/li>\n<\/ul>\n\n\n\n<p>2. Transfert des connaissances et des donn\u00e9es probantes afin d\u2019aider la prise de d\u00e9cisions&nbsp;:<\/p>\n\n\n\n<ul class=\"wp-block-list\">\n<li><a href=\"https:\/\/nccdh-dev.media-doc.ca\/fr\/learn\/equity-in-action\/\">L\u2019\u00e9quit\u00e9 en Action<\/a><\/li>\n\n\n\n<li><a href=\"https:\/\/nccdh-dev.media-doc.ca\/fr\/blog\/type\/category\/covid-19\">billets de blogue<\/a><\/li>\n\n\n\n<li><a href=\"https:\/\/nccdh-dev.media-doc.ca\/fr\/resources\/type\/category\/covid-19\">publications<\/a><\/li>\n<\/ul>\n\n\n\n<p>3. Mise \u00e0 jour constante d\u2019une&nbsp;<a href=\"https:\/\/nccdh-dev.media-doc.ca\/fr\/our-work\/covid-19\/#Hub\">plateforme de ressources sur la COVID-19<\/a><br>&nbsp;<\/p>\n\n\n\n<p>4. Participation \u00e0 des partenariats orient\u00e9s sur le savoir et la recherche<\/p>\n\n\n\n<hr class=\"wp-block-separator has-alpha-channel-opacity\"\/>\n\n\n\n<h3 class=\"wp-block-heading\"><a><\/a>Plateforme de ressources sur la COVID-19 et l\u2019\u00e9quit\u00e9 en sant\u00e9&nbsp;du CCNDS<\/h3>\n\n\n\n<p>Nous continuerons d\u2019enrichir cette page en y ajoutant des ressources sur l\u2019\u00e9quit\u00e9 en sant\u00e9 et les d\u00e9terminants sociaux de la sant\u00e9 utiles pour les acteurs de la sant\u00e9 publique au Canada. Les diff\u00e9rents th\u00e8mes trait\u00e9s dans ces ressources sont les d\u00e9terminants structurels, sociaux, politiques, culturels et autochtones de la sant\u00e9.<\/p>\n\n\n\n<h3 class=\"wp-block-heading\"><a href=\"https:\/\/nccdh-dev.media-doc.ca\/fr\/resources\/type\/category\/covid-19\"><strong>Cliquez ici pour acc\u00e9der au&nbsp;Plateforme de ressources sur la COVID-19<\/strong><\/a><\/h3>\n\n\n\n<p>Vous pouvez effectuer une recherche par sujet ou par type dans la plateforme du CCNDS.<\/p>\n\n\n\n<p><a href=\"http:\/\/eepurl.com\/hpp3vn\" target=\"_blank\" rel=\"noreferrer noopener\">Cliquez ici<\/a>&nbsp;pour recevoir une notification d\u00e8s que de nouvelles ressources seront ajout\u00e9es \u00e0 cette collection.<\/p>\n\n\n\n<hr class=\"wp-block-separator has-alpha-channel-opacity\"\/>\n\n\n\n<h3 class=\"wp-block-heading\">Visitez le site web des autres CCN pour obtenir de plus amples renseignements au sujet de COVID-19<\/h3>\n\n\n\n<p>Centre de collaboration nationale en sant\u00e9 environnementale&nbsp;:&nbsp;<a href=\"https:\/\/ccnse.ca\/environmental-health-in-canada\/health-agency-projects\/ressources-de-sante-environnementale-pour-la\" target=\"_blank\" rel=\"noreferrer noopener\">Ressources de sant\u00e9 environnementale pour la pand\u00e9mie de COVID-19<\/a><br>Centre de collaboration nationale sur les politiques publiques et la sant\u00e9&nbsp;:&nbsp;<a href=\"http:\/\/www.ccnpps.ca\/822\/covid-19--ressources-selectionnees.ccnpps\" target=\"_blank\" rel=\"noreferrer noopener\">\u00c9thique en sant\u00e9 publique et COVID-19 : ressources s\u00e9lectionn\u00e9es<\/a><br>Centre de collaboration nationale de la sant\u00e9 autochtone&nbsp;:&nbsp;<a href=\"https:\/\/www.ccnsa.ca\/fr\/ListingIndex.aspx?sortcode=1.6.17&amp;id=451\" target=\"_blank\" rel=\"noreferrer noopener\">Derni\u00e8res nouvelles sur la COVID-19<\/a><br>Centre de collaboration nationale des maladies infectieuses \u2013 balado&nbsp;:&nbsp;<a href=\"https:\/\/nccid.ca\/podcast-2019-ncov\/\" target=\"_blank\" rel=\"noreferrer noopener\">Infectious Questions: What health professionals need to know about 2019-nCoV and COVID-19<\/a>&nbsp;(en anglais seulement)<br>Centre de collaboration nationale des m\u00e9thodes et outils&nbsp;:&nbsp;<a href=\"https:\/\/www.nccmt.ca\/fr\/referentiels-de-connaissances\/covid-19-revues-rapides\" target=\"_blank\" rel=\"noreferrer noopener\">Revues rapides de donn\u00e9es probantes sur la COVID-19<\/a><\/p>\n","protected":false},"excerpt":{"rendered":"<p>Pour en savoir plus sur les mesures mises en place dans votre r\u00e9gion,\u00a0visitez le site Web de votre autorit\u00e9 sanitaire. Avec la progression rapide de la pand\u00e9mie de COVID-19, l\u2019\u00e9quit\u00e9 et la solidarit\u00e9, entre autres valeurs, doivent \u00e9clairer la r\u00e9ponse mondiale. Comme soci\u00e9t\u00e9, nous devons \u00eatre conscients que la COVID-19 ne tardera pas \u00e0 refl\u00e9ter [&hellip;]<\/p>\n","protected":false},"author":2,"featured_media":0,"parent":12157,"menu_order":0,"comment_status":"closed","ping_status":"closed","template":"","meta":{"_acf_changed":false,"_relevanssi_hide_post":"","_relevanssi_hide_content":"","_relevanssi_pin_for_all":"","_relevanssi_pin_keywords":"","_relevanssi_unpin_keywords":"","_relevanssi_related_keywords":"","_relevanssi_related_include_ids":"","_relevanssi_related_exclude_ids":"","_relevanssi_related_no_append":"","_relevanssi_related_not_related":"","_relevanssi_related_posts":"","_relevanssi_noindex_reason":"","_uag_custom_page_level_css":"","site-sidebar-layout":"default","site-content-layout":"","ast-site-content-layout":"default","site-content-style":"default","site-sidebar-style":"default","ast-global-header-display":"","ast-banner-title-visibility":"","ast-main-header-display":"","ast-hfb-above-header-display":"","ast-hfb-below-header-display":"","ast-hfb-mobile-header-display":"","site-post-title":"","ast-breadcrumbs-content":"","ast-featured-img":"","footer-sml-layout":"","ast-disable-related-posts":"","theme-transparent-header-meta":"","adv-header-id-meta":"","stick-header-meta":"","header-above-stick-meta":"","header-main-stick-meta":"","header-below-stick-meta":"","astra-migrate-meta-layouts":"default","ast-page-background-enabled":"default","ast-page-background-meta":{"desktop":{"background-color":"var(--ast-global-color-4)","background-image":"","background-repeat":"repeat","background-position":"center center","background-size":"auto","background-attachment":"scroll","background-type":"","background-media":"","overlay-type":"","overlay-color":"","overlay-opacity":"","overlay-gradient":""},"tablet":{"background-color":"","background-image":"","background-repeat":"repeat","background-position":"center center","background-size":"auto","background-attachment":"scroll","background-type":"","background-media":"","overlay-type":"","overlay-color":"","overlay-opacity":"","overlay-gradient":""},"mobile":{"background-color":"","background-image":"","background-repeat":"repeat","background-position":"center center","background-size":"auto","background-attachment":"scroll","background-type":"","background-media":"","overlay-type":"","overlay-color":"","overlay-opacity":"","overlay-gradient":""}},"ast-content-background-meta":{"desktop":{"background-color":"var(--ast-global-color-5)","background-image":"","background-repeat":"repeat","background-position":"center center","background-size":"auto","background-attachment":"scroll","background-type":"","background-media":"","overlay-type":"","overlay-color":"","overlay-opacity":"","overlay-gradient":""},"tablet":{"background-color":"var(--ast-global-color-5)","background-image":"","background-repeat":"repeat","background-position":"center center","background-size":"auto","background-attachment":"scroll","background-type":"","background-media":"","overlay-type":"","overlay-color":"","overlay-opacity":"","overlay-gradient":""},"mobile":{"background-color":"var(--ast-global-color-5)","background-image":"","background-repeat":"repeat","background-position":"center center","background-size":"auto","background-attachment":"scroll","background-type":"","background-media":"","overlay-type":"","overlay-color":"","overlay-opacity":"","overlay-gradient":""}},"footnotes":""},"class_list":["post-12179","page","type-page","status-publish","hentry"],"acf":[],"uagb_featured_image_src":{"full":false,"thumbnail":false,"medium":false,"medium_large":false,"large":false,"1536x1536":false,"2048x2048":false},"uagb_author_info":{"display_name":"Caralyn Vossen","author_link":"https:\/\/nccdh-dev.media-doc.ca\/fr\/author\/cvossenstfx-ca\/"},"uagb_comment_info":0,"uagb_excerpt":"Pour en savoir plus sur les mesures mises en place dans votre r\u00e9gion,\u00a0visitez le site Web de votre autorit\u00e9 sanitaire. Avec la progression rapide de la pand\u00e9mie de COVID-19, l\u2019\u00e9quit\u00e9 et la solidarit\u00e9, entre autres valeurs, doivent \u00e9clairer la r\u00e9ponse mondiale. Comme soci\u00e9t\u00e9, nous devons \u00eatre conscients que la COVID-19 ne tardera pas \u00e0 refl\u00e9ter\u2026","_links":{"self":[{"href":"https:\/\/nccdh-dev.media-doc.ca\/fr\/wp-json\/wp\/v2\/pages\/12179","targetHints":{"allow":["GET"]}}],"collection":[{"href":"https:\/\/nccdh-dev.media-doc.ca\/fr\/wp-json\/wp\/v2\/pages"}],"about":[{"href":"https:\/\/nccdh-dev.media-doc.ca\/fr\/wp-json\/wp\/v2\/types\/page"}],"author":[{"embeddable":true,"href":"https:\/\/nccdh-dev.media-doc.ca\/fr\/wp-json\/wp\/v2\/users\/2"}],"replies":[{"embeddable":true,"href":"https:\/\/nccdh-dev.media-doc.ca\/fr\/wp-json\/wp\/v2\/comments?post=12179"}],"version-history":[{"count":1,"href":"https:\/\/nccdh-dev.media-doc.ca\/fr\/wp-json\/wp\/v2\/pages\/12179\/revisions"}],"predecessor-version":[{"id":12180,"href":"https:\/\/nccdh-dev.media-doc.ca\/fr\/wp-json\/wp\/v2\/pages\/12179\/revisions\/12180"}],"up":[{"embeddable":true,"href":"https:\/\/nccdh-dev.media-doc.ca\/fr\/wp-json\/wp\/v2\/pages\/12157"}],"wp:attachment":[{"href":"https:\/\/nccdh-dev.media-doc.ca\/fr\/wp-json\/wp\/v2\/media?parent=12179"}],"curies":[{"name":"wp","href":"https:\/\/api.w.org\/{rel}","templated":true}]}}