{"id":12166,"date":"2024-09-17T20:38:19","date_gmt":"2024-09-17T20:38:19","guid":{"rendered":"http:\/\/nccdh.local\/?page_id=12166"},"modified":"2024-11-11T21:33:34","modified_gmt":"2024-11-11T21:33:34","slug":"projet-sur-la-capacite-organisationnelle","status":"publish","type":"page","link":"https:\/\/nccdh-dev.media-doc.ca\/fr\/nos-activites\/projet-sur-la-capacite-organisationnelle\/","title":{"rendered":"Projet sur la capacit\u00e9 organisationnelle"},"content":{"rendered":"\n<figure class=\"wp-block-image size-large is-resized\"><img loading=\"lazy\" decoding=\"async\" width=\"1024\" height=\"544\" src=\"https:\/\/nccdh-dev.media-doc.ca\/wp-content\/uploads\/2024\/09\/OCI-Knowledge-Product-1-image-1024x544.webp\" alt=\"\" class=\"wp-image-3214\" style=\"width:600px\" srcset=\"https:\/\/nccdh-dev.media-doc.ca\/wp-content\/uploads\/2024\/09\/OCI-Knowledge-Product-1-image-1024x544.webp 1024w, https:\/\/nccdh-dev.media-doc.ca\/wp-content\/uploads\/2024\/09\/OCI-Knowledge-Product-1-image-300x159.webp 300w, https:\/\/nccdh-dev.media-doc.ca\/wp-content\/uploads\/2024\/09\/OCI-Knowledge-Product-1-image-768x408.webp 768w, https:\/\/nccdh-dev.media-doc.ca\/wp-content\/uploads\/2024\/09\/OCI-Knowledge-Product-1-image-1536x815.webp 1536w, https:\/\/nccdh-dev.media-doc.ca\/wp-content\/uploads\/2024\/09\/OCI-Knowledge-Product-1-image-2048x1087.webp 2048w\" sizes=\"auto, (max-width: 1024px) 100vw, 1024px\" \/><\/figure>\n\n\n\n<h3 class=\"wp-block-heading\">Aper\u00e7u<\/h3>\n\n\n\n<p>Le Centre de collaboration nationale des d\u00e9terminants de la sant\u00e9 (CCNDS) a lanc\u00e9 un projet participatif de 20 mois afin de mettre \u00e0 l\u2019essai divers moyens de renforcer la capacit\u00e9 organisationnelle d\u2019am\u00e9liorer l\u2019\u00e9quit\u00e9 en sant\u00e9 (<a href=\"https:\/\/nccdh-dev.media-doc.ca\/images\/uploads\/comments\/NCCDH_Organizational_Capacity_Project_2018_Overview_FR.pdf\">survol du projet<\/a>). Le projet englobe un cercle d\u2019apprentissage international qui travaillera en tandem avec deux sites d\u2019essai pour d\u00e9terminer quels cadres th\u00e9oriques, quelles strat\u00e9gies et quelles conditions organisationnelles sont les plus utiles et les plus efficaces pour d\u00e9velopper et soutenir la capacit\u00e9 organisationnelle des organismes de sant\u00e9 publique du Canada d\u2019agir sur l\u2019\u00e9quit\u00e9 en sant\u00e9.<\/p>\n\n\n\n<p>Nous travaillons avec deux organismes, et chacun se concentre sur une question pr\u00e9cise qui touche plusieurs programmes de sant\u00e9 publique. Les sites repr\u00e9sentent des mod\u00e8les organisationnels diff\u00e9rents (p. ex., service de sant\u00e9, service au sein d\u2019une r\u00e9gie r\u00e9gionale de la sant\u00e9) et refl\u00e8tent divers contextes (p. ex., rural et urbain, zone g\u00e9ographique et taille de la population relevant du service). Les sites d\u2019essai \u00e9changeront entre eux et apprendront les uns des autres.<\/p>\n\n\n\n<p><strong>Pour en savoir plus des sections si-dessous,&nbsp;<a href=\"mailto:ccnds@stfx.ca?subject=%5BOCI%5D\">contactez-nous<\/a>.<\/strong><\/p>\n\n\n\n<div class=\"wp-block-columns is-layout-flex wp-container-core-columns-is-layout-51c0b34d wp-block-columns-is-layout-flex\" style=\"padding-top:var(--wp--preset--spacing--50);padding-bottom:var(--wp--preset--spacing--50)\">\n<div class=\"wp-block-column is-layout-flow wp-block-column-is-layout-flow\">\n<p><a href=\"\/our-work\/organizational-capacity-project\/#practice-site-projects\">Practice site projects<\/a><br>&nbsp; &nbsp; &nbsp;Interior Health<br>&nbsp; &nbsp; &nbsp;Ottawa Public Health<\/p>\n\n\n\n<p><a href=\"\/our-work\/organizational-capacity-project\/#anticipated-outcomes\">Anticipated outcomes<\/a><\/p>\n\n\n\n<p><a href=\"\/our-work\/organizational-capacity-project\/#knowledge-sharing\">Knowledge-sharing<\/a><br>&nbsp; &nbsp; &nbsp;Webinars<br>&nbsp; &nbsp; &nbsp;Knowledge products<br>&nbsp; &nbsp; &nbsp;Discussions<\/p>\n<\/div>\n\n\n\n<div class=\"wp-block-column is-layout-flow wp-block-column-is-layout-flow\">\n<p><a href=\"\/our-work\/organizational-capacity-project\/#evaluation\">Evaluation<\/a><\/p>\n\n\n\n<p><a href=\"\/our-work\/organizational-capacity-project\/#approach\">Approach<\/a><br>&nbsp; &nbsp; &nbsp;Host<br>&nbsp; &nbsp; &nbsp;Evidence reviews<br>&nbsp; &nbsp; &nbsp;Learning Circle<\/p>\n<\/div>\n<\/div>\n\n\n\n<h3 class=\"wp-block-heading\" id=\"practice-site-projects\">Sites d&rsquo;essai<\/h3>\n\n\n\n<p>Les sites d\u2019essai sont au c\u0153ur du projet, et chacun d\u2019entre eux est soutenu par un sp\u00e9cialiste du transfert des connaissances du CCNDS. Ils travaillent \u00e0 \u00e9laborer et \u00e0 mettre en \u0153uvre des projets d\u2019am\u00e9lioration organisationnelle afin de provoquer des changements \u00e0 l\u2019\u00e9chelle de l\u2019organisation. Des renseignements compl\u00e9mentaires sont fournis ci-dessous.<\/p>\n\n\n\n<figure class=\"wp-block-table\"><table><thead><tr><th class=\"has-text-align-center\" data-align=\"center\">Nom du site d&rsquo;essai<\/th><th><strong>Nom et description du projet<\/strong><\/th><\/tr><\/thead><tbody><tr><td class=\"has-text-align-center\" data-align=\"center\"><strong><a href=\"https:\/\/www.interiorhealth.ca\/Pages\/default.aspx\" target=\"_blank\" rel=\"noreferrer noopener\">Interior Health<\/a><\/strong>\u00a0(C.-B.)<br><img loading=\"lazy\" decoding=\"async\" width=\"150\" height=\"99\" class=\"wp-image-3202\" style=\"width: 150px;\" src=\"https:\/\/nccdh-dev.media-doc.ca\/wp-content\/uploads\/2024\/09\/IH_web_tagline_vertical_colour.jpg\" alt=\"\" srcset=\"https:\/\/nccdh-dev.media-doc.ca\/wp-content\/uploads\/2024\/09\/IH_web_tagline_vertical_colour.jpg 501w, https:\/\/nccdh-dev.media-doc.ca\/wp-content\/uploads\/2024\/09\/IH_web_tagline_vertical_colour-300x198.jpg 300w\" sizes=\"auto, (max-width: 150px) 100vw, 150px\" \/><br><a href=\"https:\/\/www.interiorhealth.ca\/Pages\/default.aspx\" target=\"_blank\" rel=\"noreferrer noopener\"><\/a><\/td><td><strong>Int\u00e9gration de la perspective de l\u2019\u00e9quit\u00e9 en sant\u00e9 dans la surveillance et la pr\u00e9sentation de rapports en mati\u00e8re de surdoses d\u2019opio\u00efdes<br><\/strong><span style=\"color: rgb(51, 51, 51); font-family: textbook-new-web, sans-serif; font-size: 13.2px; white-space-collapse: collapse;\"><\/span>Le projet vise \u00e0 faciliter l\u2019int\u00e9gration de la perspective de l\u2019\u00e9quit\u00e9 en sant\u00e9 dans les pratiques d\u2019\u00e9laboration de rapports, de suivi et de surveillance dans le dossier de la crise des surdoses d\u2019opio\u00efdes par l\u2019entremise du \u00ab\u00a0<a href=\"https:\/\/nccdh-dev.media-doc.ca\/fr\/resources\/entry\/equity-integrated-population-health-status-reporting-action-framework\">cadre d\u2019action pour l\u2019int\u00e9gration de la notion d\u2019\u00e9quit\u00e9 dans les rapports sur l\u2019\u00e9tat de sant\u00e9 des populations<\/a>\u00a0\u00bb.<\/td><\/tr><tr><td class=\"has-text-align-center\" data-align=\"center\"><a href=\"http:\/\/www.santepubliqueottawa.ca\/fr\/\">Sant\u00e9 publique Ottawa<\/a>\u00a0(Ont.)<br><br><img loading=\"lazy\" decoding=\"async\" width=\"150\" height=\"80\" class=\"wp-image-3204\" style=\"width: 150px;\" src=\"https:\/\/nccdh-dev.media-doc.ca\/wp-content\/uploads\/2024\/09\/OPH_Honeycomb_Logo_Black_EN_v2019.1.png\" alt=\"\" srcset=\"https:\/\/nccdh-dev.media-doc.ca\/wp-content\/uploads\/2024\/09\/OPH_Honeycomb_Logo_Black_EN_v2019.1.png 1200w, https:\/\/nccdh-dev.media-doc.ca\/wp-content\/uploads\/2024\/09\/OPH_Honeycomb_Logo_Black_EN_v2019.1-300x160.png 300w, https:\/\/nccdh-dev.media-doc.ca\/wp-content\/uploads\/2024\/09\/OPH_Honeycomb_Logo_Black_EN_v2019.1-1024x546.png 1024w, https:\/\/nccdh-dev.media-doc.ca\/wp-content\/uploads\/2024\/09\/OPH_Honeycomb_Logo_Black_EN_v2019.1-768x410.png 768w\" sizes=\"auto, (max-width: 150px) 100vw, 150px\" \/><a href=\"https:\/\/www.ottawapublichealth.ca\/en\/index.aspx\" target=\"_blank\" rel=\"noreferrer noopener\"><\/a><\/td><td><strong>Participation de la collectivit\u00e9 et de la client\u00e8le<span style=\"color: rgb(51, 51, 51); font-family: textbook-new-web, sans-serif; font-size: 13.2px; white-space-collapse: collapse;\"><\/span><\/strong><div>Sant\u00e9 publique Ottawa \u00e9laborera un cadre de participation de la collectivit\u00e9 et de la client\u00e8le et une politique de participation qui tiendra compte de la perspective de l\u2019\u00e9quit\u00e9 en sant\u00e9 et des d\u00e9terminants sociaux de la sant\u00e9.<\/div><\/td><\/tr><\/tbody><\/table><\/figure>\n\n\n\n<h3 class=\"wp-block-heading\" id=\"anticipated-outcomes\">R\u00e9sultats escompt\u00e9s<\/h3>\n\n\n\n<p>Gr\u00e2ce \u00e0 une approche participative et aux ressources cr\u00e9\u00e9es, \u00e0 la fin de l\u2019initiative, les praticiens et les organismes en sant\u00e9 publique seront en mesure de :<\/p>\n\n\n\n<ol class=\"wp-block-list\">\n<li>d\u00e9crire la capacit\u00e9 organisationnelle n\u00e9cessaire pour agir sur l\u2019\u00e9quit\u00e9 en sant\u00e9;<\/li>\n\n\n\n<li>comprendre quels \u00e9l\u00e9ments favorisent l\u2019\u00e9quit\u00e9 en sant\u00e9 ou y font obstacle;<\/li>\n\n\n\n<li>trouver des outils pour renforcer la capacit\u00e9 organisationnelle ax\u00e9e sur l\u2019\u00e9quit\u00e9 en sant\u00e9.<\/li>\n<\/ol>\n\n\n\n<h3 class=\"wp-block-heading\" id=\"approach\">Approche<\/h3>\n\n\n\n<h4 class=\"wp-block-heading\">H\u00f4te :<\/h4>\n\n\n\n<p>L\u2019initiative est dirig\u00e9e et organis\u00e9e par le CCDNS et les participants. Le CCNDS agit comme coordonnateur et fournit une aide directe aux sites d\u2019essai.<\/p>\n\n\n\n<h4 class=\"wp-block-heading\">Revues des donn\u00e9es probantes<\/h4>\n\n\n\n<p>L\u2019initiative recensera des articles \u00e9valu\u00e9s par les pairs ainsi que les r\u00e9sultats r\u00e9cents des recherches en cours.<\/p>\n\n\n\n<p>Les donn\u00e9es probantes seront tir\u00e9es de documents publi\u00e9s et de la litt\u00e9rature grise. Elles porteront sur la m\u00e9thodologie de la capacit\u00e9 et des changements organisationnels ainsi que sur la th\u00e9orie, les m\u00e9thodes et les outils de l\u2019\u00e9quit\u00e9 en sant\u00e9 \u2013 en particulier ceux qui favorisent les changements \u00e0 l\u2019\u00e9chelle de l\u2019organisation. Des donn\u00e9es exp\u00e9rientielles, obtenues essentiellement gr\u00e2ce aux sites d\u2019essais, seront \u00e9galement examin\u00e9es.<\/p>\n\n\n\n<h4 class=\"wp-block-heading\">Learning Circle<\/h4>\n\n\n\n<p>Ce projet utilise un cercle d\u2019apprentissage pour joindre donn\u00e9es probantes, avis d\u2019experts, innovations pratiques et apprentissage. Le cercle se compose de praticiens et de chercheurs, dont des repr\u00e9sentants des sites d\u2019essais.<\/p>\n\n\n\n<p>Les membres du cercle d\u2019apprentissage rep\u00e9reront les principaux probl\u00e8mes et d\u00e9fis li\u00e9s \u00e0 la capacit\u00e9 organisationnelle et \u00e0 l\u2019\u00e9quit\u00e9 en sant\u00e9 et les \u00e9tudieront tout au long de l\u2019initiative. Ils se rencontrent tous les deux mois.<\/p>\n\n\n\n<p>Les rencontres consistent en une discussion anim\u00e9e sur un th\u00e8me d\u00e9fini, \u00e9tay\u00e9e par des donn\u00e9es probantes. \u00c0 la fin de chaque rencontre, la conversation est synth\u00e9tis\u00e9e, transmise aux membres du cercle et r\u00e9dig\u00e9e sous forme de r\u00e9sum\u00e9.<\/p>\n\n\n\n<p><a href=\"https:\/\/nccdh-dev.media-doc.ca\/images\/uploads\/Apprenons_ensemble_1.pdf\">Pour en savoir plus, cliquez ici.<\/a><\/p>\n\n\n\n<h3 class=\"wp-block-heading\" id=\"knowledge-sharing\">Transmission des connaissances<\/h3>\n\n\n\n<figure class=\"wp-block-table\"><table class=\"has-fixed-layout\"><tbody><tr><td><strong>Webinaires (en anglais)<\/strong><br>Le CCNDS a organis\u00e9 une s\u00e9rie de webinaires afin d\u2019explorer les fa\u00e7ons de renforcer la capacit\u00e9 organisationnelle en mati\u00e8re d\u2019\u00e9quit\u00e9 en sant\u00e9.<br><strong>Webinaire 1 :\u00a0<a href=\"https:\/\/nccdh-dev.media-doc.ca\/fr\/workshops-events\/entry\/webinar-the-anatomy-of-a-health-equityoriented-organization-insights-on-org\">The anatomy of a health equity\u2013oriented organization: Insights on organizational capacity<\/a>\u00a0<\/strong>(anatomie d\u2019un organisme ax\u00e9 sur l\u2019\u00e9quit\u00e9 en sant\u00e9\u202f: observations sur la capacit\u00e9 organisationnelle)<br><strong>Webinaire 2 :\u00a0<a href=\"https:\/\/nccdh-dev.media-doc.ca\/fr\/workshops-events\/entry\/webinar-increasing-the-success-of-health-equity-change-initiatives\">Increasing the success of health equity change initiatives: Organizational enablers and barriers<\/a><\/strong>\u00a0(accro\u00eetre l\u2019efficacit\u00e9 des initiatives de changement en mati\u00e8re d\u2019\u00e9quit\u00e9 en sant\u00e9 : catalyseurs et obstacles organisationnels)<br><strong>Webinaire 3 :\u00a0<a href=\"https:\/\/nccdh-dev.media-doc.ca\/fr\/workshops-events\/entry\/webinar-increasing-the-success-of-health-equity-change-initiatives\">Living health equity values within public health organizations<\/a>\u00a0<\/strong>(appliquer les valeurs d\u2019\u00e9quit\u00e9 en sant\u00e9 dans les organismes de sant\u00e9 publique)<br><strong>Webinaire 4 :\u00a0<a href=\"https:\/\/nccdh-dev.media-doc.ca\/fr\/workshops-events\/entry\/webinar-governance-and-decision-making-for-health-equity\">Governance and decision-making for health equity<\/a><\/strong>\u00a0(gouvernance et processus d\u00e9cisionnel en mati\u00e8re d\u2019\u00e9quit\u00e9 en sant\u00e9)<br><strong>Webinaire 5 :\u00a0<a href=\"http:\/\/xn--occasions%20de%20transformation%20augmentant%20la%20capacit%20du%20milieu%20de%20la%20sant%20%20adopter%20des%20mesures%20axes%20sur%20lquit-oel55h5a9ame65748i\/\">Disruptive opportunities to enhance capacity for equity-oriented action in the health sector<\/a><\/strong>\u00a0(Occasions de transformation augmentant la capacit\u00e9 du milieu de la sant\u00e9 \u00e0 adopter des mesures ax\u00e9es sur l\u2019\u00e9quit\u00e9)<\/td><\/tr><tr><td><strong>Produits de savoir<br><\/strong>Le NCCDH a \u00e9galement publi\u00e9\u00a0<a href=\"https:\/\/nccdh-dev.media-doc.ca\/fr\/resources\/results\/search&amp;inclusive_categories=yes&amp;category=285\">une s\u00e9rie de documents<\/a>\u00a0sur les sujets abord\u00e9s par les cercles d\u2019apprentissage du Projet sur la capacit\u00e9 organisationnelle.<br><em><a href=\"https:\/\/nccdh-dev.media-doc.ca\/fr\/resources\/entry\/organizational-capacity-for-health-equity-action-initiative-a-brief-descrip\"><strong>Projet sur la capacit\u00e9 organisationnelle d\u2019agir sur l\u2019\u00e9quit\u00e9 en sant\u00e9 : un sommaire<\/strong><\/a><\/em><br><em><strong><a href=\"https:\/\/nccdh-dev.media-doc.ca\/fr\/resources\/entry\/OCI-KP-1-Practice-framework\">Cadre d\u2019exercice pour renforcer la capacit\u00e9 organisationnelle d\u2019agir sur l\u2019\u00e9quit\u00e9 en sant\u00e9<\/a><\/strong><\/em><br><em><strong><a href=\"https:\/\/nccdh-dev.media-doc.ca\/fr\/resources\/entry\/OCI-KP-2-Model-for-change\">Un mod\u00e8le pour le renforcement de la capacit\u00e9 organisationnelle de changer pour favoriser l\u2019\u00e9quit\u00e9 en sant\u00e9<\/a><\/strong><\/em><br><a href=\"https:\/\/nccdh-dev.media-doc.ca\/fr\/resources\/entry\/OCI-KP-3-Collectively-built-change-processes\"><em><strong>Renforcer collectivement la capacit\u00e9 organisationnelle d\u2019agir sur l\u2019\u00e9quit\u00e9 en sant\u00e9<\/strong><\/em><\/a><br><em><strong><a href=\"https:\/\/nccdh-dev.media-doc.ca\/fr\/resources\/entry\/OCI-KP-8-Guide-to-assessment-tools\">Guide sur les outils d\u2019\u00e9valuation de la capacit\u00e9 organisationnelle en mati\u00e8re d\u2019\u00e9quit\u00e9 en sant\u00e9<\/a><\/strong><\/em><\/td><\/tr><tr><td><strong>Discussions<\/strong><br><strong>Discussion 1 :\u00a0<\/strong>S\u2019attaquer aux d\u00e9terminants sociaux de l\u2019usage probl\u00e9matique de substances<br><strong>Discussion 2 :\u00a0<\/strong>Qu\u2019en est-il de notre privil\u00e8ge? Travailler avec les communaut\u00e9s qui vivent des iniquit\u00e9s<br><strong>Discussion 3 :\u00a0<\/strong>La capacit\u00e9 organisationnelle d\u2019am\u00e9liorer l\u2019\u00e9quit\u00e9 en sant\u00e9<\/td><\/tr><\/tbody><\/table><\/figure>\n\n\n\n<h3 class=\"wp-block-heading\" id=\"evaluation\">\u00c9valuation<\/h3>\n\n\n\n<p>L\u2019\u00e9valuation doit comprendre :<\/p>\n\n\n\n<ul class=\"wp-block-list\">\n<li>l\u2019examen de l\u2019atteinte des objectifs;<\/li>\n\n\n\n<li>des mesures quantitatives sur le respect du plan, l\u2019horaire, les \u00e9tapes franchies, les r\u00e9sultats et la diffusion;<\/li>\n\n\n\n<li>des renseignements qualitatifs sur l\u2019exp\u00e9rience des participants;<\/li>\n\n\n\n<li>les le\u00e7ons apprises;<\/li>\n\n\n\n<li>les am\u00e9liorations \u00e0 apporter aux futurs projets.<\/li>\n<\/ul>\n\n\n\n<p><\/p>\n","protected":false},"excerpt":{"rendered":"<p>Aper\u00e7u Le Centre de collaboration nationale des d\u00e9terminants de la sant\u00e9 (CCNDS) a lanc\u00e9 un projet participatif de 20 mois afin de mettre \u00e0 l\u2019essai divers moyens de renforcer la capacit\u00e9 organisationnelle d\u2019am\u00e9liorer l\u2019\u00e9quit\u00e9 en sant\u00e9 (survol du projet). Le projet englobe un cercle d\u2019apprentissage international qui travaillera en tandem avec deux sites d\u2019essai pour [&hellip;]<\/p>\n","protected":false},"author":2,"featured_media":0,"parent":12157,"menu_order":0,"comment_status":"closed","ping_status":"closed","template":"","meta":{"_acf_changed":false,"_relevanssi_hide_post":"","_relevanssi_hide_content":"","_relevanssi_pin_for_all":"","_relevanssi_pin_keywords":"","_relevanssi_unpin_keywords":"","_relevanssi_related_keywords":"","_relevanssi_related_include_ids":"","_relevanssi_related_exclude_ids":"","_relevanssi_related_no_append":"","_relevanssi_related_not_related":"","_relevanssi_related_posts":"","_relevanssi_noindex_reason":"","_uag_custom_page_level_css":"","site-sidebar-layout":"default","site-content-layout":"","ast-site-content-layout":"default","site-content-style":"default","site-sidebar-style":"default","ast-global-header-display":"","ast-banner-title-visibility":"","ast-main-header-display":"","ast-hfb-above-header-display":"","ast-hfb-below-header-display":"","ast-hfb-mobile-header-display":"","site-post-title":"","ast-breadcrumbs-content":"","ast-featured-img":"","footer-sml-layout":"","ast-disable-related-posts":"","theme-transparent-header-meta":"","adv-header-id-meta":"","stick-header-meta":"","header-above-stick-meta":"","header-main-stick-meta":"","header-below-stick-meta":"","astra-migrate-meta-layouts":"default","ast-page-background-enabled":"default","ast-page-background-meta":{"desktop":{"background-color":"var(--ast-global-color-4)","background-image":"","background-repeat":"repeat","background-position":"center center","background-size":"auto","background-attachment":"scroll","background-type":"","background-media":"","overlay-type":"","overlay-color":"","overlay-opacity":"","overlay-gradient":""},"tablet":{"background-color":"","background-image":"","background-repeat":"repeat","background-position":"center center","background-size":"auto","background-attachment":"scroll","background-type":"","background-media":"","overlay-type":"","overlay-color":"","overlay-opacity":"","overlay-gradient":""},"mobile":{"background-color":"","background-image":"","background-repeat":"repeat","background-position":"center center","background-size":"auto","background-attachment":"scroll","background-type":"","background-media":"","overlay-type":"","overlay-color":"","overlay-opacity":"","overlay-gradient":""}},"ast-content-background-meta":{"desktop":{"background-color":"var(--ast-global-color-5)","background-image":"","background-repeat":"repeat","background-position":"center center","background-size":"auto","background-attachment":"scroll","background-type":"","background-media":"","overlay-type":"","overlay-color":"","overlay-opacity":"","overlay-gradient":""},"tablet":{"background-color":"var(--ast-global-color-5)","background-image":"","background-repeat":"repeat","background-position":"center center","background-size":"auto","background-attachment":"scroll","background-type":"","background-media":"","overlay-type":"","overlay-color":"","overlay-opacity":"","overlay-gradient":""},"mobile":{"background-color":"var(--ast-global-color-5)","background-image":"","background-repeat":"repeat","background-position":"center center","background-size":"auto","background-attachment":"scroll","background-type":"","background-media":"","overlay-type":"","overlay-color":"","overlay-opacity":"","overlay-gradient":""}},"footnotes":""},"class_list":["post-12166","page","type-page","status-publish","hentry"],"acf":[],"uagb_featured_image_src":{"full":false,"thumbnail":false,"medium":false,"medium_large":false,"large":false,"1536x1536":false,"2048x2048":false},"uagb_author_info":{"display_name":"Caralyn Vossen","author_link":"https:\/\/nccdh-dev.media-doc.ca\/fr\/author\/cvossenstfx-ca\/"},"uagb_comment_info":0,"uagb_excerpt":"Aper\u00e7u Le Centre de collaboration nationale des d\u00e9terminants de la sant\u00e9 (CCNDS) a lanc\u00e9 un projet participatif de 20 mois afin de mettre \u00e0 l\u2019essai divers moyens de renforcer la capacit\u00e9 organisationnelle d\u2019am\u00e9liorer l\u2019\u00e9quit\u00e9 en sant\u00e9 (survol du projet). Le projet englobe un cercle d\u2019apprentissage international qui travaillera en tandem avec deux sites d\u2019essai pour\u2026","_links":{"self":[{"href":"https:\/\/nccdh-dev.media-doc.ca\/fr\/wp-json\/wp\/v2\/pages\/12166","targetHints":{"allow":["GET"]}}],"collection":[{"href":"https:\/\/nccdh-dev.media-doc.ca\/fr\/wp-json\/wp\/v2\/pages"}],"about":[{"href":"https:\/\/nccdh-dev.media-doc.ca\/fr\/wp-json\/wp\/v2\/types\/page"}],"author":[{"embeddable":true,"href":"https:\/\/nccdh-dev.media-doc.ca\/fr\/wp-json\/wp\/v2\/users\/2"}],"replies":[{"embeddable":true,"href":"https:\/\/nccdh-dev.media-doc.ca\/fr\/wp-json\/wp\/v2\/comments?post=12166"}],"version-history":[{"count":1,"href":"https:\/\/nccdh-dev.media-doc.ca\/fr\/wp-json\/wp\/v2\/pages\/12166\/revisions"}],"predecessor-version":[{"id":12167,"href":"https:\/\/nccdh-dev.media-doc.ca\/fr\/wp-json\/wp\/v2\/pages\/12166\/revisions\/12167"}],"up":[{"embeddable":true,"href":"https:\/\/nccdh-dev.media-doc.ca\/fr\/wp-json\/wp\/v2\/pages\/12157"}],"wp:attachment":[{"href":"https:\/\/nccdh-dev.media-doc.ca\/fr\/wp-json\/wp\/v2\/media?parent=12166"}],"curies":[{"name":"wp","href":"https:\/\/api.w.org\/{rel}","templated":true}]}}