{"id":12164,"date":"2024-09-17T20:35:02","date_gmt":"2024-09-17T20:35:02","guid":{"rendered":"http:\/\/nccdh.local\/?page_id=12164"},"modified":"2024-11-11T21:23:18","modified_gmt":"2024-11-11T21:23:18","slug":"communication","status":"publish","type":"page","link":"https:\/\/nccdh-dev.media-doc.ca\/fr\/nos-activites\/communication\/","title":{"rendered":"Communication"},"content":{"rendered":"\n<p>Une communication efficace joue un r\u00f4le tr\u00e8s important pour stimuler les interventions au chapitre des diff\u00e9rences de sant\u00e9 \u00e9vitables au sein des populations et, par le fait m\u00eame, consid\u00e9r\u00e9es injustes.<\/p>\n\n\n\n<p>Les praticiens de la sant\u00e9 publique jouent un r\u00f4le essentiel pour expliquer que l\u2019endroit o\u00f9 vivent, travaillent, jouent et apprennent les gens a un effet direct sur la capacit\u00e9 de vivre en sant\u00e9. Il faut donner aux praticiens de la sant\u00e9 publique les moyens de comprendre les diff\u00e9rences de sant\u00e9 qui r\u00e9sultent des facteurs sociaux et \u00e9conomiques, et d\u2019en parler.<\/p>\n\n\n\n<p>Une des<a href=\"https:\/\/nccdh-dev.media-doc.ca\/fr\/resources\/entry\/10-promising-practices-guide\">&nbsp;pratiques ressorties comme prometteuses<\/a>&nbsp;pour aider les services de sant\u00e9 publique \u00e0 l\u2019\u00e9chelle locale \u00e0 r\u00e9duire les iniquit\u00e9s sociales en sant\u00e9 concerne l\u2019\u00e9valuation et les rapports : le marketing social.<\/p>\n\n\n\n<p><strong>Grandes lignes des projets connexes<\/strong><\/p>\n\n\n\n<p><a href=\"https:\/\/nccdh-dev.media-doc.ca\/fr\/learn\/lets-talk\/\">S\u00e9rie \u00ab Parlons-en \u00bb<\/a><\/p>\n\n\n\n<p>Notre s\u00e9rie \u00ab Parlons-en \u00bb vise \u00e0 mieux faire comprendre les principaux concepts et \u00e0 stimuler les discussions. Deux des documents de la s\u00e9rie portent pr\u00e9cis\u00e9ment sur la terminologie et l\u2019usage du langage :<a href=\"https:\/\/nccdh-dev.media-doc.ca\/fr\/resources\/entry\/health-equity\">&nbsp;<em>L\u2019\u00e9quit\u00e9 en sant\u00e9<\/em><\/a><em>&nbsp;: Parlons-en et&nbsp;<a href=\"https:\/\/nccdh-dev.media-doc.ca\/fr\/resources\/entry\/lets-talk-populations\">Les populations et le pouvoir du langage<\/a>&nbsp;: Parlons-en.<\/em><\/p>\n\n\n\n<p><a href=\"https:\/\/nccdh-dev.media-doc.ca\/fr\/learn\/glossary\/\">Glossaire des principaux concepts li\u00e9s \u00e0 l\u2019\u00e9quit\u00e9 en sant\u00e9<\/a><\/p>\n\n\n\n<p>Le&nbsp;Glossaire des principaux concepts li\u00e9s \u00e0 l\u2019\u00e9quit\u00e9 en sant\u00e9&nbsp;a pour objet d\u2019aider \u00e0 am\u00e9liorer l\u2019efficacit\u00e9 des communications et des interventions concernant les d\u00e9terminants sociaux et structurels de la sant\u00e9 et l\u2019\u00e9quit\u00e9 en sant\u00e9. Une terminologie et une compr\u00e9hension partag\u00e9es des concepts permettront d\u2019apporter&nbsp;plus de clart\u00e9 sur les questions d\u2019importance et d\u2019accro\u00eetre l\u2019incidence des mesures prises pour favoriser l\u2019\u00e9quit\u00e9 en sant\u00e9.<\/p>\n\n\n\n<p><strong><a href=\"https:\/\/nccdh-dev.media-doc.ca\/fr\/resources\/type\/category\/communication-strategies\">Consulter d\u2019autres ressources sur les strat\u00e9gies de communication en sant\u00e9 publique.<\/a><\/strong><\/p>\n","protected":false},"excerpt":{"rendered":"<p>Une communication efficace joue un r\u00f4le tr\u00e8s important pour stimuler les interventions au chapitre des diff\u00e9rences de sant\u00e9 \u00e9vitables au sein des populations et, par le fait m\u00eame, consid\u00e9r\u00e9es injustes. Les praticiens de la sant\u00e9 publique jouent un r\u00f4le essentiel pour expliquer que l\u2019endroit o\u00f9 vivent, travaillent, jouent et apprennent les gens a un effet [&hellip;]<\/p>\n","protected":false},"author":2,"featured_media":0,"parent":12157,"menu_order":0,"comment_status":"closed","ping_status":"closed","template":"","meta":{"_acf_changed":false,"_relevanssi_hide_post":"","_relevanssi_hide_content":"","_relevanssi_pin_for_all":"","_relevanssi_pin_keywords":"","_relevanssi_unpin_keywords":"","_relevanssi_related_keywords":"","_relevanssi_related_include_ids":"","_relevanssi_related_exclude_ids":"","_relevanssi_related_no_append":"","_relevanssi_related_not_related":"","_relevanssi_related_posts":"","_relevanssi_noindex_reason":"","_uag_custom_page_level_css":"","site-sidebar-layout":"default","site-content-layout":"","ast-site-content-layout":"default","site-content-style":"default","site-sidebar-style":"default","ast-global-header-display":"","ast-banner-title-visibility":"","ast-main-header-display":"","ast-hfb-above-header-display":"","ast-hfb-below-header-display":"","ast-hfb-mobile-header-display":"","site-post-title":"","ast-breadcrumbs-content":"","ast-featured-img":"","footer-sml-layout":"","ast-disable-related-posts":"","theme-transparent-header-meta":"","adv-header-id-meta":"","stick-header-meta":"","header-above-stick-meta":"","header-main-stick-meta":"","header-below-stick-meta":"","astra-migrate-meta-layouts":"default","ast-page-background-enabled":"default","ast-page-background-meta":{"desktop":{"background-color":"var(--ast-global-color-4)","background-image":"","background-repeat":"repeat","background-position":"center center","background-size":"auto","background-attachment":"scroll","background-type":"","background-media":"","overlay-type":"","overlay-color":"","overlay-opacity":"","overlay-gradient":""},"tablet":{"background-color":"","background-image":"","background-repeat":"repeat","background-position":"center center","background-size":"auto","background-attachment":"scroll","background-type":"","background-media":"","overlay-type":"","overlay-color":"","overlay-opacity":"","overlay-gradient":""},"mobile":{"background-color":"","background-image":"","background-repeat":"repeat","background-position":"center center","background-size":"auto","background-attachment":"scroll","background-type":"","background-media":"","overlay-type":"","overlay-color":"","overlay-opacity":"","overlay-gradient":""}},"ast-content-background-meta":{"desktop":{"background-color":"var(--ast-global-color-5)","background-image":"","background-repeat":"repeat","background-position":"center center","background-size":"auto","background-attachment":"scroll","background-type":"","background-media":"","overlay-type":"","overlay-color":"","overlay-opacity":"","overlay-gradient":""},"tablet":{"background-color":"var(--ast-global-color-5)","background-image":"","background-repeat":"repeat","background-position":"center center","background-size":"auto","background-attachment":"scroll","background-type":"","background-media":"","overlay-type":"","overlay-color":"","overlay-opacity":"","overlay-gradient":""},"mobile":{"background-color":"var(--ast-global-color-5)","background-image":"","background-repeat":"repeat","background-position":"center center","background-size":"auto","background-attachment":"scroll","background-type":"","background-media":"","overlay-type":"","overlay-color":"","overlay-opacity":"","overlay-gradient":""}},"footnotes":""},"class_list":["post-12164","page","type-page","status-publish","hentry"],"acf":[],"uagb_featured_image_src":{"full":false,"thumbnail":false,"medium":false,"medium_large":false,"large":false,"1536x1536":false,"2048x2048":false},"uagb_author_info":{"display_name":"Caralyn Vossen","author_link":"https:\/\/nccdh-dev.media-doc.ca\/fr\/author\/cvossenstfx-ca\/"},"uagb_comment_info":0,"uagb_excerpt":"Une communication efficace joue un r\u00f4le tr\u00e8s important pour stimuler les interventions au chapitre des diff\u00e9rences de sant\u00e9 \u00e9vitables au sein des populations et, par le fait m\u00eame, consid\u00e9r\u00e9es injustes. Les praticiens de la sant\u00e9 publique jouent un r\u00f4le essentiel pour expliquer que l\u2019endroit o\u00f9 vivent, travaillent, jouent et apprennent les gens a un effet\u2026","_links":{"self":[{"href":"https:\/\/nccdh-dev.media-doc.ca\/fr\/wp-json\/wp\/v2\/pages\/12164","targetHints":{"allow":["GET"]}}],"collection":[{"href":"https:\/\/nccdh-dev.media-doc.ca\/fr\/wp-json\/wp\/v2\/pages"}],"about":[{"href":"https:\/\/nccdh-dev.media-doc.ca\/fr\/wp-json\/wp\/v2\/types\/page"}],"author":[{"embeddable":true,"href":"https:\/\/nccdh-dev.media-doc.ca\/fr\/wp-json\/wp\/v2\/users\/2"}],"replies":[{"embeddable":true,"href":"https:\/\/nccdh-dev.media-doc.ca\/fr\/wp-json\/wp\/v2\/comments?post=12164"}],"version-history":[{"count":1,"href":"https:\/\/nccdh-dev.media-doc.ca\/fr\/wp-json\/wp\/v2\/pages\/12164\/revisions"}],"predecessor-version":[{"id":12165,"href":"https:\/\/nccdh-dev.media-doc.ca\/fr\/wp-json\/wp\/v2\/pages\/12164\/revisions\/12165"}],"up":[{"embeddable":true,"href":"https:\/\/nccdh-dev.media-doc.ca\/fr\/wp-json\/wp\/v2\/pages\/12157"}],"wp:attachment":[{"href":"https:\/\/nccdh-dev.media-doc.ca\/fr\/wp-json\/wp\/v2\/media?parent=12164"}],"curies":[{"name":"wp","href":"https:\/\/api.w.org\/{rel}","templated":true}]}}