{"id":12150,"date":"2024-09-17T19:34:20","date_gmt":"2024-09-17T19:34:20","guid":{"rendered":"http:\/\/nccdh.local\/?page_id=12150"},"modified":"2024-11-11T20:29:57","modified_gmt":"2024-11-11T20:29:57","slug":"partenariats","status":"publish","type":"page","link":"https:\/\/nccdh-dev.media-doc.ca\/fr\/about-us\/partenariats\/","title":{"rendered":"Partenariats"},"content":{"rendered":"\n<p>En plus de travailler en partenariat avec son organisme subventionnaire, c\u2019est-\u00e0-dire l\u2019<a href=\"https:\/\/www.canada.ca\/fr\/sante-publique.html\" target=\"_blank\" rel=\"noreferrer noopener\">Agence de la sant\u00e9 publique du Canada<\/a>, son universit\u00e9-h\u00f4te, c\u2019est-\u00e0-dire l\u2019<a href=\"https:\/\/www.stfx.ca\/\" target=\"_blank\" rel=\"noreferrer noopener\">Universit\u00e9 St. Francis Xavier<\/a>, et les cinq autres Centres chapeaut\u00e9s par\u00a0<a href=\"https:\/\/nccdh-dev.media-doc.ca\/fr\/our-centre\/the-nccph-program\/\" target=\"_blank\" rel=\"noreferrer noopener\">les Centres de collaboration nationale en sant\u00e9 publique<\/a>, le CCNDS a collabor\u00e9 avec un certain nombre d\u2019organismes du Canada au cours de la derni\u00e8re ann\u00e9e.<\/p>\n\n\n\n<hr class=\"wp-block-separator has-alpha-channel-opacity\"\/>\n\n\n\n<p>Le CCNDS a nou\u00e9 un partenariat ou il a collabor\u00e9 avec les organismes suivants afin de mettre sur pied une initiative, cr\u00e9er un produit ou organiser une activit\u00e9.<\/p>\n\n\n\n<h2 class=\"wp-block-heading\">\u00c0 l\u2019\u00e9chelle nationale<\/h2>\n\n\n\n<p><a href=\"https:\/\/www.cihi.ca\/fr\" target=\"_blank\" rel=\"noreferrer noopener\">Institut canadien d\u2019information sur la sant\u00e9<\/a>&nbsp;(ICIS)<\/p>\n\n\n\n<h2 class=\"wp-block-heading\">Aux \u00e9chelles provinciale et territoriale<\/h2>\n\n\n\n<p><a href=\"https:\/\/www.albertahealthservices.ca\/\" target=\"_blank\" rel=\"noreferrer noopener\">Alberta Health Services<\/a>&nbsp;et&nbsp;<a href=\"https:\/\/www.alberta.ca\/fr-CA\/education.aspx\" target=\"_blank\" rel=\"noreferrer noopener\">minist\u00e8re de l\u2019\u00c9ducation de l\u2019Alberta<\/a>, gouvernement de l\u2019Alberta<br><a href=\"https:\/\/www.allianceon.org\/fr\" target=\"_blank\" rel=\"noreferrer noopener\">Alliance pour des communaut\u00e9s en sant\u00e9<\/a>&nbsp;(anciennement l\u2019Association des centres de sant\u00e9 de l\u2019Ontario)<br><a href=\"https:\/\/www.ontariomidwives.ca\/\" target=\"_blank\" rel=\"noreferrer noopener\">Association of Ontario Midwives<\/a>&nbsp;(information en fran\u00e7ais incluse dans le site en anglais)<br><a href=\"https:\/\/opha.on.ca\/\" target=\"_blank\" rel=\"noreferrer noopener\">Association pour la sant\u00e9 publique de l\u2019Ontario<\/a>&nbsp;(en anglais)<br><a href=\"https:\/\/www.hss.gov.nt.ca\/fr\/services\/initiatives-mieux-etre-communautaire\" target=\"_blank\" rel=\"noreferrer noopener\">Gouvernement des Territoires du Nord-Ouest, Division de la sant\u00e9 des Autochtones et des initiatives de mieux-\u00eatre communautaire<\/a><br><a href=\"http:\/\/www.phsa.ca\/\" target=\"_blank\" rel=\"noreferrer noopener\">Provincial Health Services Authority<\/a>&nbsp;(Colombie-Britannique; en anglais)<br><a href=\"https:\/\/www.publichealthontario.ca\/\" target=\"_blank\" rel=\"noreferrer noopener\">Sant\u00e9 publique Ontario<\/a><\/p>\n\n\n\n<h2 class=\"wp-block-heading\">Aux \u00e9chelles r\u00e9gionale, municipale et locale<\/h2>\n\n\n\n<p><a href=\"https:\/\/www.healthunit.com\/acceuil\" target=\"_blank\" rel=\"noreferrer noopener\">Bureau de sant\u00e9 de Middlesex-London<\/a>&nbsp;(Ontario)<br><a href=\"http:\/\/www.dlsph.utoronto.ca\/\" target=\"_blank\" rel=\"noreferrer noopener\">Dalla&nbsp;Lana School of Public Health<\/a>, Universit\u00e9 de&nbsp;Toronto (Ontario; en anglais)<br><a href=\"http:\/\/sante.gouv.qc.ca\/repertoire-ressources\/recherche\/ressource\/?nofiche=186608&amp;ch_type%5B9%5D=1701&amp;bt_rechType=&amp;ch_rayon=0\" target=\"_blank\" rel=\"noreferrer noopener\">Direction de la sant\u00e9 publique de la Capitale nationale<\/a>&nbsp;(Qu\u00e9bec)<br><a href=\"https:\/\/ncct.on.ca\/\" target=\"_blank\" rel=\"noreferrer noopener\">Native Canadian Centre of Toronto<\/a>&nbsp;(Ontario; en anglais)<br><a href=\"http:\/\/www.torontocentrallhin.on.ca\/\" target=\"_blank\" rel=\"noreferrer noopener\">R\u00e9seau local d\u2019int\u00e9gration des services de sant\u00e9 du Centre-Toronto<\/a>&nbsp;(RLISS; Ontario)<br><a href=\"https:\/\/www.ottawapublichealth.ca\/fr\/index.aspx\" target=\"_blank\" rel=\"noreferrer noopener\">Sant\u00e9 publique Ottawa<\/a>&nbsp;(Ontario)<br><a href=\"https:\/\/www.peterboroughpublichealth.ca\/\" target=\"_blank\" rel=\"noreferrer noopener\">Sant\u00e9 publique Peterborough<\/a>&nbsp;(Ontario; en anglais)<br><a href=\"https:\/\/www.phsd.ca\/fr\" target=\"_blank\" rel=\"noreferrer noopener\">Sant\u00e9 publique Sudbury et districts<\/a>&nbsp;(Ontario)<br><a href=\"https:\/\/www.toronto.ca\/city-government\/accountability-operations-customer-service\/city-administration\/staff-directory-divisions-and-customer-service\/toronto-public-health\/\" target=\"_blank\" rel=\"noreferrer noopener\">Sant\u00e9 publique Toronto<\/a>&nbsp;(Ontario; en anglais)<br>Service de soins aux Autochtones, Centre de toxicomanie et de sant\u00e9 mentale (CAMH, Ontario)<br><a href=\"https:\/\/www.soulofthemother.org\/\" target=\"_blank\" rel=\"noreferrer noopener\">Soul of the Mother<\/a>&nbsp;(Ontario; en anglais)<br><a href=\"https:\/\/www.toronto.ca\/community-people\/health-wellness-care\/health-programs-advice\/toronto-indigenous-health-strategy\/\" target=\"_blank\" rel=\"noreferrer noopener\">Toronto Indigenous Health Advisory Circle<\/a>&nbsp;(TIHAC) (Ontario; en anglais)<br><a href=\"https:\/\/www.uwo.ca\/\" target=\"_blank\" rel=\"noreferrer noopener\">Universit\u00e9 Western<\/a>&nbsp;(Ontario; en anglais)<br><a href=\"https:\/\/vancouver.ca\/\" target=\"_blank\" rel=\"noreferrer noopener\">Ville de Vancouver<\/a>&nbsp;(Colombie-Britannique; en anglais)<a href=\"https:\/\/www.interiorhealth.ca\/Pages\/default.aspx\" target=\"_blank\" rel=\"noreferrer noopener\">Interior Health<\/a>&nbsp;(Colombie-Britannique; en anglais)<br><a href=\"https:\/\/www.wellesleyinstitute.com\/\" target=\"_blank\" rel=\"noreferrer noopener\">Wellesley Institute<\/a>&nbsp;(Ontario; en anglais)<\/p>\n\n\n\n<hr class=\"wp-block-separator has-alpha-channel-opacity\"\/>\n\n\n\n<p>En outre, les organismes suivants ont invit\u00e9 le CCNDS \u00e0 contribuer \u00e0 certains de leurs produits, initiatives ou activit\u00e9s&nbsp;:<\/p>\n\n\n\n<p><a href=\"http:\/\/www.bccdc.ca\/\" target=\"_blank\" rel=\"noreferrer noopener\">BC Centre for Disease Control<\/a>&nbsp;(en anglais)<br><a href=\"https:\/\/cihr-irsc.gc.ca\/f\/13777.html\" target=\"_blank\" rel=\"noreferrer noopener\">Institut de la sant\u00e9 publique et des populations (ISPP) des Instituts de recherche en sant\u00e9<\/a>&nbsp;(IRSC)<br><a href=\"https:\/\/www2.gov.bc.ca\/gov\/content\/governments\/organizational-structure\/ministries-organizations\/ministries\/mental-health-addictions\" target=\"_blank\" rel=\"noreferrer noopener\">Minist\u00e8re de la Sant\u00e9 mentale et de la Toxicomanie<\/a>&nbsp;(en anglais), gouvernement de la Colombie-Britannique<\/p>\n\n\n\n<h2 class=\"wp-block-heading\">Partenaires de recherche<\/h2>\n\n\n\n<p><a href=\"https:\/\/musecollaboratoire.ca\/a-propos\/\" target=\"_blank\" rel=\"noreferrer noopener\">Approches multisectorielles et urbaines pour la sant\u00e9 et l\u2019\u00e9quit\u00e9 dans les villes canadiennes<\/a>&nbsp;(MUSE) (Canada)<br><a href=\"https:\/\/maphealth.ca\/\" target=\"_blank\" rel=\"noreferrer noopener\">Centre for Urban Health Solutions<\/a>&nbsp;(en anglais), H\u00f4pital St. Michael\u2019s (Ontario)<br><a href=\"https:\/\/chairecacis.org\/a-propos\" target=\"_blank\" rel=\"noreferrer noopener\">Chaire de recherche du Canada Approches communautaires et in\u00e9galit\u00e9s de sant\u00e9<\/a>, D\u00e9partement de m\u00e9decine sociale et pr\u00e9ventive, Universit\u00e9 de Montr\u00e9al (Qu\u00e9bec)<br>Collaborative community laboratory on substance use and harm reduction ou \u00ab&nbsp;Co\/Lab&nbsp;\u00bb (<a href=\"https:\/\/www.uvic.ca\/research\/centres\/cisur\/index.php\" target=\"_blank\" rel=\"noreferrer noopener\">Canadian Institute for Substance Use Research<\/a>&nbsp;de l\u2019Universit\u00e9 de Victoria (Colombie-Britannique; en anglais)<br><a href=\"https:\/\/logementsain.ca\/\" target=\"_blank\" rel=\"noreferrer noopener\">LogementSain<\/a>&nbsp;(Ontario)<br><a href=\"https:\/\/www.dfcm.utoronto.ca\/news\/cihr-funds-two-dfcm-projects-support-canadian-primary-care\" target=\"_blank\" rel=\"noreferrer noopener\">SPARK: Screening for Poverty and Related social determinants and intervening to improve knowledge of and links to resources (SPARK) Study<\/a>&nbsp;(Ontario; en anglais)<br><a href=\"https:\/\/www.umontreal.ca\/\" target=\"_blank\" rel=\"noreferrer noopener\">Universit\u00e9 de Montr\u00e9al<\/a>&nbsp;(Qu\u00e9bec)<br><a href=\"https:\/\/www.queensu.ca\/\" target=\"_blank\" rel=\"noreferrer noopener\">Universit\u00e9 Queen\u2019s<\/a>&nbsp;(Ontario; en anglais)<br><a href=\"https:\/\/www.uvic.ca\/\" target=\"_blank\" rel=\"noreferrer noopener\">Universit\u00e9 de Victoria<\/a>&nbsp;(Colombie-Britannique; en anglais)<\/p>\n","protected":false},"excerpt":{"rendered":"<p>En plus de travailler en partenariat avec son organisme subventionnaire, c\u2019est-\u00e0-dire l\u2019Agence de la sant\u00e9 publique du Canada, son universit\u00e9-h\u00f4te, c\u2019est-\u00e0-dire l\u2019Universit\u00e9 St. Francis Xavier, et les cinq autres Centres chapeaut\u00e9s par\u00a0les Centres de collaboration nationale en sant\u00e9 publique, le CCNDS a collabor\u00e9 avec un certain nombre d\u2019organismes du Canada au cours de la derni\u00e8re [&hellip;]<\/p>\n","protected":false},"author":2,"featured_media":0,"parent":12135,"menu_order":0,"comment_status":"closed","ping_status":"closed","template":"","meta":{"_acf_changed":false,"_relevanssi_hide_post":"","_relevanssi_hide_content":"","_relevanssi_pin_for_all":"","_relevanssi_pin_keywords":"","_relevanssi_unpin_keywords":"","_relevanssi_related_keywords":"","_relevanssi_related_include_ids":"","_relevanssi_related_exclude_ids":"","_relevanssi_related_no_append":"","_relevanssi_related_not_related":"","_relevanssi_related_posts":"","_relevanssi_noindex_reason":"","_uag_custom_page_level_css":"","site-sidebar-layout":"default","site-content-layout":"","ast-site-content-layout":"default","site-content-style":"default","site-sidebar-style":"default","ast-global-header-display":"","ast-banner-title-visibility":"","ast-main-header-display":"","ast-hfb-above-header-display":"","ast-hfb-below-header-display":"","ast-hfb-mobile-header-display":"","site-post-title":"","ast-breadcrumbs-content":"","ast-featured-img":"","footer-sml-layout":"","ast-disable-related-posts":"","theme-transparent-header-meta":"","adv-header-id-meta":"","stick-header-meta":"","header-above-stick-meta":"","header-main-stick-meta":"","header-below-stick-meta":"","astra-migrate-meta-layouts":"default","ast-page-background-enabled":"default","ast-page-background-meta":{"desktop":{"background-color":"var(--ast-global-color-4)","background-image":"","background-repeat":"repeat","background-position":"center center","background-size":"auto","background-attachment":"scroll","background-type":"","background-media":"","overlay-type":"","overlay-color":"","overlay-opacity":"","overlay-gradient":""},"tablet":{"background-color":"","background-image":"","background-repeat":"repeat","background-position":"center center","background-size":"auto","background-attachment":"scroll","background-type":"","background-media":"","overlay-type":"","overlay-color":"","overlay-opacity":"","overlay-gradient":""},"mobile":{"background-color":"","background-image":"","background-repeat":"repeat","background-position":"center center","background-size":"auto","background-attachment":"scroll","background-type":"","background-media":"","overlay-type":"","overlay-color":"","overlay-opacity":"","overlay-gradient":""}},"ast-content-background-meta":{"desktop":{"background-color":"var(--ast-global-color-5)","background-image":"","background-repeat":"repeat","background-position":"center center","background-size":"auto","background-attachment":"scroll","background-type":"","background-media":"","overlay-type":"","overlay-color":"","overlay-opacity":"","overlay-gradient":""},"tablet":{"background-color":"var(--ast-global-color-5)","background-image":"","background-repeat":"repeat","background-position":"center center","background-size":"auto","background-attachment":"scroll","background-type":"","background-media":"","overlay-type":"","overlay-color":"","overlay-opacity":"","overlay-gradient":""},"mobile":{"background-color":"var(--ast-global-color-5)","background-image":"","background-repeat":"repeat","background-position":"center center","background-size":"auto","background-attachment":"scroll","background-type":"","background-media":"","overlay-type":"","overlay-color":"","overlay-opacity":"","overlay-gradient":""}},"footnotes":""},"class_list":["post-12150","page","type-page","status-publish","hentry"],"acf":[],"uagb_featured_image_src":{"full":false,"thumbnail":false,"medium":false,"medium_large":false,"large":false,"1536x1536":false,"2048x2048":false},"uagb_author_info":{"display_name":"Caralyn Vossen","author_link":"https:\/\/nccdh-dev.media-doc.ca\/fr\/author\/cvossenstfx-ca\/"},"uagb_comment_info":0,"uagb_excerpt":"En plus de travailler en partenariat avec son organisme subventionnaire, c\u2019est-\u00e0-dire l\u2019Agence de la sant\u00e9 publique du Canada, son universit\u00e9-h\u00f4te, c\u2019est-\u00e0-dire l\u2019Universit\u00e9 St. Francis Xavier, et les cinq autres Centres chapeaut\u00e9s par\u00a0les Centres de collaboration nationale en sant\u00e9 publique, le CCNDS a collabor\u00e9 avec un certain nombre d\u2019organismes du Canada au cours de la derni\u00e8re\u2026","_links":{"self":[{"href":"https:\/\/nccdh-dev.media-doc.ca\/fr\/wp-json\/wp\/v2\/pages\/12150","targetHints":{"allow":["GET"]}}],"collection":[{"href":"https:\/\/nccdh-dev.media-doc.ca\/fr\/wp-json\/wp\/v2\/pages"}],"about":[{"href":"https:\/\/nccdh-dev.media-doc.ca\/fr\/wp-json\/wp\/v2\/types\/page"}],"author":[{"embeddable":true,"href":"https:\/\/nccdh-dev.media-doc.ca\/fr\/wp-json\/wp\/v2\/users\/2"}],"replies":[{"embeddable":true,"href":"https:\/\/nccdh-dev.media-doc.ca\/fr\/wp-json\/wp\/v2\/comments?post=12150"}],"version-history":[{"count":2,"href":"https:\/\/nccdh-dev.media-doc.ca\/fr\/wp-json\/wp\/v2\/pages\/12150\/revisions"}],"predecessor-version":[{"id":12153,"href":"https:\/\/nccdh-dev.media-doc.ca\/fr\/wp-json\/wp\/v2\/pages\/12150\/revisions\/12153"}],"up":[{"embeddable":true,"href":"https:\/\/nccdh-dev.media-doc.ca\/fr\/wp-json\/wp\/v2\/pages\/12135"}],"wp:attachment":[{"href":"https:\/\/nccdh-dev.media-doc.ca\/fr\/wp-json\/wp\/v2\/media?parent=12150"}],"curies":[{"name":"wp","href":"https:\/\/api.w.org\/{rel}","templated":true}]}}