{"id":12145,"date":"2024-09-17T19:30:27","date_gmt":"2024-09-17T19:30:27","guid":{"rendered":"http:\/\/nccdh.local\/?page_id=12145"},"modified":"2026-01-30T16:28:34","modified_gmt":"2026-01-30T16:28:34","slug":"our-centre","status":"publish","type":"page","link":"https:\/\/nccdh-dev.media-doc.ca\/fr\/about-us\/our-centre\/","title":{"rendered":"Notre centre"},"content":{"rendered":"\n<h2 class=\"wp-block-heading\"><strong>NOTRE LOCALISATION<\/strong><\/h2>\n\n\n\n<div class=\"wp-block-columns are-vertically-aligned-top is-layout-flex wp-container-core-columns-is-layout-0d2466c3 wp-block-columns-is-layout-flex\" style=\"padding-top:var(--wp--preset--spacing--20);padding-right:var(--wp--preset--spacing--20);padding-bottom:var(--wp--preset--spacing--20);padding-left:var(--wp--preset--spacing--20)\">\n<div class=\"wp-block-column is-vertically-aligned-top is-layout-flow wp-block-column-is-layout-flow\" style=\"flex-basis:66.66%\">\n<p>Le CCNDS est h\u00e9berg\u00e9 par l\u2019Universit\u00e9 St.&nbsp;Francis&nbsp;Xavier (StFX) \u00e0 Antigonish, en Nouvelle-\u00c9cosse (Mi\u2019kma\u2019ki).<\/p>\n\n\n\n<p>L\u2019Universit\u00e9 fait figure de proue en mati\u00e8re de justice sociale depuis les ann\u00e9es 1920, moment de la cr\u00e9ation de l\u2019Antigonish Movement. Le P\u00e8re Jimmy Thompkins et le P\u00e8re Moses Coady, Ph. D., ont lanc\u00e9 ce mouvement localement en r\u00e9ponse \u00e0 la pauvret\u00e9 frappant les groupes d\u00e9favoris\u00e9s de l\u2019Est du Canada. L\u2019Universit\u00e9 a tr\u00e8s vite cr\u00e9\u00e9 un Extension Department (d\u00e9partement d\u2019enseignement postscolaire) afin d\u2019enseigner et d\u2019utiliser les actions communautaires et les m\u00e9thodes d\u2019\u00e9ducation aux adultes. Apr\u00e8s la Seconde Guerre mondiale, le <a href=\"https:\/\/coady.stfx.ca\/coady\/\" data-type=\"link\" data-id=\"https:\/\/coady.stfx.ca\/coady\/\" target=\"_blank\" rel=\"noreferrer noopener\">Coady Institute<\/a> a vu le jour. Sa mission consistait \u00e0 \u00e9tendre les activit\u00e9s \u00e0 un auditoire international. L\u2019Institut jouit d\u2019une renomm\u00e9e internationale comme centre d\u2019enseignement sur le leadership ax\u00e9 sur le d\u00e9veloppement communautaire. En accueillant le CCNDS dans ses murs, l\u2019Universit\u00e9 affermit sa d\u00e9termination \u00e0 mettre les connaissances au service du changement social.<\/p>\n\n\n\n<p>Nous tenons \u00e0 reconna\u00eetre le territoire sacr\u00e9 sur lequel se situent nos bureaux. Nous reconnaissons que nous nous trouvons en Mi\u2019kma\u2019ki, le territoire ancestral non c\u00e9d\u00e9 du peuple micmac. Ce territoire est vis\u00e9 par les \u00ab&nbsp;trait\u00e9s de paix et d\u2019amiti\u00e9&nbsp;\u00bb que les Micmacs et les Wolastoqiyik\/W\u0259last\u0259kwiyik (Mal\u00e9cites) ont d\u2019abord conclus avec la Couronne britannique en 1725. Les trait\u00e9s en question ne comportaient pas de clause relative \u00e0 la cession des terres et des ressources, mais reconnaissaient de fait le titre des Micmacs et des Wolastoqiyik\/W\u0259last\u0259kwiyik (Mal\u00e9cites) et d\u00e9finissaient les r\u00e8gles quant \u00e0 ce qui devait \u00eatre des relations durables entre les nations. Nous reconnaissons ce territoire et en remercions le peuple micmac qui continue d\u2019entretenir un lien avec ces terres depuis des g\u00e9n\u00e9rations. Nous reconnaissons en outre la r\u00e9alit\u00e9 du colonialisme qui perdure depuis tr\u00e8s longtemps.<\/p>\n\n\n\n<p>Parce que nous respectons cet important travail de r\u00e9conciliation, nous vous encourageons \u00e0 communiquer avec nous si vous avez des suggestions qui nous permettraient d\u2019am\u00e9liorer la d\u00e9claration ci-dessus.<\/p>\n<\/div>\n\n\n\n<div class=\"wp-block-column is-vertically-aligned-top is-layout-flow wp-block-column-is-layout-flow\" style=\"flex-basis:33.33%\">\n<figure class=\"wp-block-image size-large has-custom-border is-style-rounded\"><img loading=\"lazy\" decoding=\"async\" width=\"1024\" height=\"683\" src=\"https:\/\/nccdh-dev.media-doc.ca\/wp-content\/uploads\/2026\/01\/pexels-photo-247506-247506-1024x683.webp\" alt=\"Lighthouse on rocky coast with ocean waves and bright sky, perfect for maritime themes.\" class=\"wp-image-15754\" style=\"border-top-left-radius:20px;border-top-right-radius:20px;border-bottom-left-radius:20px;border-bottom-right-radius:20px;aspect-ratio:1;object-fit:cover\" srcset=\"https:\/\/nccdh-dev.media-doc.ca\/wp-content\/uploads\/2026\/01\/pexels-photo-247506-247506-1024x683.webp 1024w, https:\/\/nccdh-dev.media-doc.ca\/wp-content\/uploads\/2026\/01\/pexels-photo-247506-247506-300x200.webp 300w, https:\/\/nccdh-dev.media-doc.ca\/wp-content\/uploads\/2026\/01\/pexels-photo-247506-247506-768x512.webp 768w, https:\/\/nccdh-dev.media-doc.ca\/wp-content\/uploads\/2026\/01\/pexels-photo-247506-247506-1536x1024.webp 1536w, https:\/\/nccdh-dev.media-doc.ca\/wp-content\/uploads\/2026\/01\/pexels-photo-247506-247506-2048x1365.webp 2048w\" sizes=\"auto, (max-width: 1024px) 100vw, 1024px\" \/><\/figure>\n<\/div>\n<\/div>\n\n\n\n<p><a id=\"_msocom_1\"><\/a><\/p>\n\n\n\n<div style=\"height:100px\" aria-hidden=\"true\" class=\"wp-block-spacer\"><\/div>\n\n\n\n<h2 class=\"wp-block-heading\"><strong><strong>LE PROGRAMME DES CENTRES DE COLLABORATION NATIONALE EN SANT\u00c9 PUBLIQUE<\/strong><\/strong><\/h2>\n\n\n\n<p>Le CCNDS est l\u2019un des six Centres de collaboration nationale (CNN) en sant\u00e9 publique, \u00e9tabli en 2005 et financ\u00e9 par l\u2019Agence de la sant\u00e9 publique du Canada.<\/p>\n\n\n\n<p>Les CNN en sant\u00e9 publique unissent leurs efforts pour promouvoir l\u2019utilisation des connaissances issues des recherches scientifiques et d\u2019autres savoirs afin de renforcer les pratiques, les programmes et les politiques en sant\u00e9 publique au Canada.<\/p>\n\n\n\n<p>Les CCN identifient les lacunes en mati\u00e8re de connaissances, encouragent le r\u00e9seautage et fournissent au syst\u00e8me de sant\u00e9 publique un \u00e9ventail de ressources, de produits multim\u00e9dias et de services de transfert des connaissances fond\u00e9es sur les donn\u00e9es probantes. Chaque centre se concentre sur une priorit\u00e9 de sant\u00e9 publique, et leurs bureaux sont \u00e9tablis au sein d\u2019organismes gouvernementaux ou universitaires qui sont r\u00e9partis dans l\u2019ensemble du Canada.<\/p>\n\n\n\n<div class=\"wp-block-columns is-layout-flex wp-container-core-columns-is-layout-28f84493 wp-block-columns-is-layout-flex\">\n<div class=\"wp-block-column is-layout-flow wp-block-column-is-layout-flow\" style=\"flex-basis:33.33%\">\n<div class=\"wp-block-uagb-image uagb-block-0d5ca027 wp-block-uagb-image--layout-default wp-block-uagb-image--effect-static wp-block-uagb-image--align-none\"><figure class=\"wp-block-uagb-image__figure\"><a class=\"\" href=\"https:\/\/ccnsp.ca\/\" target=\"_blank\" rel=\"noreferrer noopener\"><img decoding=\"async\" srcset=\"https:\/\/nccdh-dev.media-doc.ca\/wp-content\/uploads\/2026\/01\/HORIZ_NCCPH-Logo-FR-1024x294.webp ,https:\/\/nccdh-dev.media-doc.ca\/wp-content\/uploads\/2026\/01\/HORIZ_NCCPH-Logo-FR.webp 780w, https:\/\/nccdh-dev.media-doc.ca\/wp-content\/uploads\/2026\/01\/HORIZ_NCCPH-Logo-FR.webp 360w\" sizes=\"auto, (max-width: 480px) 150px\" src=\"https:\/\/nccdh-dev.media-doc.ca\/wp-content\/uploads\/2026\/01\/HORIZ_NCCPH-Logo-FR-1024x294.webp\" alt=\"\" class=\"uag-image-15747\" width=\"1024\" height=\"294\" title=\"HORIZ_NCCPH Logo FR\" loading=\"lazy\" role=\"img\"\/><\/a><\/figure><\/div>\n<\/div>\n\n\n\n<div class=\"wp-block-column is-layout-flow wp-block-column-is-layout-flow\" style=\"flex-basis:66.66%\">\n<div class=\"wp-block-uagb-image uagb-block-9b7cb4b0 wp-block-uagb-image--layout-default wp-block-uagb-image--effect-static wp-block-uagb-image--align-none\"><figure class=\"wp-block-uagb-image__figure\"><a class=\"\" href=\"https:\/\/nccdh-dev.media-doc.ca\/wp-content\/uploads\/2024\/09\/NCCPH_EN_Map.png\" target=\"\" rel=\"noopener\"><img decoding=\"async\" srcset=\"https:\/\/nccdh-dev.media-doc.ca\/wp-content\/uploads\/2024\/09\/NCCPH_EN_Map-1024x947.png ,https:\/\/nccdh-dev.media-doc.ca\/wp-content\/uploads\/2024\/09\/NCCPH_EN_Map.png 780w, https:\/\/nccdh-dev.media-doc.ca\/wp-content\/uploads\/2024\/09\/NCCPH_EN_Map.png 360w\" sizes=\"auto, (max-width: 480px) 150px\" src=\"https:\/\/nccdh-dev.media-doc.ca\/wp-content\/uploads\/2024\/09\/NCCPH_EN_Map-1024x947.png\" alt=\"\" class=\"uag-image-3152\" width=\"1024\" height=\"947\" title=\"NCCPH Map\" loading=\"lazy\" role=\"img\"\/><\/a><\/figure><\/div>\n<\/div>\n<\/div>\n\n\n\n<p>Les six centres sont les suivants&nbsp;:<\/p>\n\n\n\n<ul class=\"wp-block-list\">\n<li><a href=\"https:\/\/www.ccnsa.ca\/1\/Accueil.nccih\">Centre de collaboration nationale de la sant\u00e9 autochtone&nbsp;<\/a>(CCNSA)<\/li>\n\n\n\n<li><a href=\"https:\/\/ccnse.ca\">Centre de collaboration nationale en sant\u00e9 environnementale&nbsp;<\/a>(CCNSE)<\/li>\n\n\n\n<li><a href=\"https:\/\/ccnmi.ca\">Centre de collaboration nationale des maladies infectieuses&nbsp;<\/a>(CCNMI)<\/li>\n\n\n\n<li><a href=\"https:\/\/nccmt.ca\/fr\">Centre de collaboration nationale des m\u00e9thodes et outils&nbsp;<\/a>(CCNMO)<\/li>\n\n\n\n<li><a href=\"https:\/\/ccnpps-ncchpp.ca\/fr\/\">Centre de collaboration nationale sur les politiques publiques et la sant\u00e9&nbsp;<\/a>(CCNPPS)<\/li>\n\n\n\n<li>Centre de collaboration nationale des d\u00e9terminants de la sant\u00e9 (CCNDS)<\/li>\n<\/ul>\n\n\n\n<p>Le Centre de collaboration nationale des d\u00e9terminants de la sant\u00e9 (CCNDS) a le privil\u00e8ge de travailler \u00e9troitement avec d\u2019autres CCNSP&nbsp;dans le cadre d\u2019initiatives et de projets conjoints vari\u00e9s.<\/p>\n\n\n\n<p>Les travaux de collaboration en cours avec d\u2019autres CCN :<\/p>\n\n\n\n<ul class=\"wp-block-list\">\n<li>Cr\u00e9ation d\u2019un cadre et d\u2019une trousse d\u2019outils afin de faciliter l\u2019int\u00e9gration de la notion de l\u2019\u00e9quit\u00e9 en sant\u00e9 dans les rapports sur l\u2019\u00e9tat de sant\u00e9 des populations;<\/li>\n\n\n\n<li>Collecte d\u2019information sur les moyens utilis\u00e9s par les hygi\u00e9nistes du milieu pour incorporer les d\u00e9terminants sociaux de la sant\u00e9 dans leurs activit\u00e9s quotidiennes et sur les besoins formul\u00e9s \u00e0 cet \u00e9gard;<\/li>\n\n\n\n<li>Coordination de webinaires \u00e0 l\u2019intention des m\u00e9decins communautaires r\u00e9sidents et des m\u00e9decins en sant\u00e9 publique.<\/li>\n<\/ul>\n\n\n\n<p>Apprenez-en davantage sur le programme des CCNSP&nbsp;<a href=\"http:\/\/www.ccnsp.ca\/\">cliquez ici &gt;<\/a><\/p>\n","protected":false},"excerpt":{"rendered":"<p>NOTRE LOCALISATION Le CCNDS est h\u00e9berg\u00e9 par l\u2019Universit\u00e9 St.&nbsp;Francis&nbsp;Xavier (StFX) \u00e0 Antigonish, en Nouvelle-\u00c9cosse (Mi\u2019kma\u2019ki). L\u2019Universit\u00e9 fait figure de proue en mati\u00e8re de justice sociale depuis les ann\u00e9es 1920, moment de la cr\u00e9ation de l\u2019Antigonish Movement. Le P\u00e8re Jimmy Thompkins et le P\u00e8re Moses Coady, Ph. D., ont lanc\u00e9 ce mouvement localement en r\u00e9ponse \u00e0 [&hellip;]<\/p>\n","protected":false},"author":2,"featured_media":0,"parent":12135,"menu_order":0,"comment_status":"closed","ping_status":"closed","template":"","meta":{"_acf_changed":false,"_relevanssi_hide_post":"","_relevanssi_hide_content":"","_relevanssi_pin_for_all":"","_relevanssi_pin_keywords":"","_relevanssi_unpin_keywords":"","_relevanssi_related_keywords":"","_relevanssi_related_include_ids":"","_relevanssi_related_exclude_ids":"","_relevanssi_related_no_append":"","_relevanssi_related_not_related":"","_relevanssi_related_posts":"14153,14149,14161,14163,14201,14491","_relevanssi_noindex_reason":"","_uag_custom_page_level_css":"","site-sidebar-layout":"default","site-content-layout":"","ast-site-content-layout":"default","site-content-style":"default","site-sidebar-style":"default","ast-global-header-display":"","ast-banner-title-visibility":"","ast-main-header-display":"","ast-hfb-above-header-display":"","ast-hfb-below-header-display":"","ast-hfb-mobile-header-display":"","site-post-title":"","ast-breadcrumbs-content":"","ast-featured-img":"","footer-sml-layout":"","ast-disable-related-posts":"","theme-transparent-header-meta":"","adv-header-id-meta":"","stick-header-meta":"","header-above-stick-meta":"","header-main-stick-meta":"","header-below-stick-meta":"","astra-migrate-meta-layouts":"default","ast-page-background-enabled":"default","ast-page-background-meta":{"desktop":{"background-color":"var(--ast-global-color-4)","background-image":"","background-repeat":"repeat","background-position":"center center","background-size":"auto","background-attachment":"scroll","background-type":"","background-media":"","overlay-type":"","overlay-color":"","overlay-opacity":"","overlay-gradient":""},"tablet":{"background-color":"","background-image":"","background-repeat":"repeat","background-position":"center center","background-size":"auto","background-attachment":"scroll","background-type":"","background-media":"","overlay-type":"","overlay-color":"","overlay-opacity":"","overlay-gradient":""},"mobile":{"background-color":"","background-image":"","background-repeat":"repeat","background-position":"center center","background-size":"auto","background-attachment":"scroll","background-type":"","background-media":"","overlay-type":"","overlay-color":"","overlay-opacity":"","overlay-gradient":""}},"ast-content-background-meta":{"desktop":{"background-color":"var(--ast-global-color-5)","background-image":"","background-repeat":"repeat","background-position":"center center","background-size":"auto","background-attachment":"scroll","background-type":"","background-media":"","overlay-type":"","overlay-color":"","overlay-opacity":"","overlay-gradient":""},"tablet":{"background-color":"var(--ast-global-color-5)","background-image":"","background-repeat":"repeat","background-position":"center center","background-size":"auto","background-attachment":"scroll","background-type":"","background-media":"","overlay-type":"","overlay-color":"","overlay-opacity":"","overlay-gradient":""},"mobile":{"background-color":"var(--ast-global-color-5)","background-image":"","background-repeat":"repeat","background-position":"center center","background-size":"auto","background-attachment":"scroll","background-type":"","background-media":"","overlay-type":"","overlay-color":"","overlay-opacity":"","overlay-gradient":""}},"footnotes":""},"class_list":["post-12145","page","type-page","status-publish","hentry"],"acf":[],"uagb_featured_image_src":{"full":false,"thumbnail":false,"medium":false,"medium_large":false,"large":false,"1536x1536":false,"2048x2048":false},"uagb_author_info":{"display_name":"Caralyn Vossen","author_link":"https:\/\/nccdh-dev.media-doc.ca\/fr\/author\/cvossenstfx-ca\/"},"uagb_comment_info":0,"uagb_excerpt":"NOTRE LOCALISATION Le CCNDS est h\u00e9berg\u00e9 par l\u2019Universit\u00e9 St.&nbsp;Francis&nbsp;Xavier (StFX) \u00e0 Antigonish, en Nouvelle-\u00c9cosse (Mi\u2019kma\u2019ki). L\u2019Universit\u00e9 fait figure de proue en mati\u00e8re de justice sociale depuis les ann\u00e9es 1920, moment de la cr\u00e9ation de l\u2019Antigonish Movement. Le P\u00e8re Jimmy Thompkins et le P\u00e8re Moses Coady, Ph. D., ont lanc\u00e9 ce mouvement localement en r\u00e9ponse \u00e0\u2026","_links":{"self":[{"href":"https:\/\/nccdh-dev.media-doc.ca\/fr\/wp-json\/wp\/v2\/pages\/12145","targetHints":{"allow":["GET"]}}],"collection":[{"href":"https:\/\/nccdh-dev.media-doc.ca\/fr\/wp-json\/wp\/v2\/pages"}],"about":[{"href":"https:\/\/nccdh-dev.media-doc.ca\/fr\/wp-json\/wp\/v2\/types\/page"}],"author":[{"embeddable":true,"href":"https:\/\/nccdh-dev.media-doc.ca\/fr\/wp-json\/wp\/v2\/users\/2"}],"replies":[{"embeddable":true,"href":"https:\/\/nccdh-dev.media-doc.ca\/fr\/wp-json\/wp\/v2\/comments?post=12145"}],"version-history":[{"count":4,"href":"https:\/\/nccdh-dev.media-doc.ca\/fr\/wp-json\/wp\/v2\/pages\/12145\/revisions"}],"predecessor-version":[{"id":15776,"href":"https:\/\/nccdh-dev.media-doc.ca\/fr\/wp-json\/wp\/v2\/pages\/12145\/revisions\/15776"}],"up":[{"embeddable":true,"href":"https:\/\/nccdh-dev.media-doc.ca\/fr\/wp-json\/wp\/v2\/pages\/12135"}],"wp:attachment":[{"href":"https:\/\/nccdh-dev.media-doc.ca\/fr\/wp-json\/wp\/v2\/media?parent=12145"}],"curies":[{"name":"wp","href":"https:\/\/api.w.org\/{rel}","templated":true}]}}