{"id":11931,"date":"2024-09-17T18:32:37","date_gmt":"2024-09-17T18:32:37","guid":{"rendered":"http:\/\/nccdh.local\/?page_id=11931"},"modified":"2024-11-01T00:32:26","modified_gmt":"2024-11-01T00:32:26","slug":"conseil-consultatif","status":"publish","type":"page","link":"https:\/\/nccdh-dev.media-doc.ca\/fr\/about-us\/conseil-consultatif\/","title":{"rendered":"Conseil consultatif"},"content":{"rendered":"\n<p>Le Conseil consultatif fournit des conseils \u00e0 la directrice scientifique de mani\u00e8re \u00e0 \u00e9clairer et \u00e0 influencer nos travaux, et sa composition permet d\u2019obtenir une perspective pancanadienne. Les membres agissent comme liaisons entre le CCNDS et les praticiens, les \u00e9tudiants, les chercheurs, les d\u00e9cideurs et les groupes communautaires du domaine de la sant\u00e9 publique. Le Conseil se compose essentiellement de praticiens et de chercheurs de champs de sp\u00e9cialisation, de formations et de r\u00e9seaux vari\u00e9s et offrant une bonne repr\u00e9sentation des provinces et territoires du pays.<\/p>\n","protected":false},"excerpt":{"rendered":"<p>Le Conseil consultatif fournit des conseils \u00e0 la directrice scientifique de mani\u00e8re \u00e0 \u00e9clairer et \u00e0 influencer nos travaux, et sa composition permet d\u2019obtenir une perspective pancanadienne. Les membres agissent comme liaisons entre le CCNDS et les praticiens, les \u00e9tudiants, les chercheurs, les d\u00e9cideurs et les groupes communautaires du domaine de la sant\u00e9 publique. Le [&hellip;]<\/p>\n","protected":false},"author":2,"featured_media":0,"parent":12135,"menu_order":0,"comment_status":"closed","ping_status":"closed","template":"templates\/staff.php","meta":{"_acf_changed":false,"_relevanssi_hide_post":"","_relevanssi_hide_content":"","_relevanssi_pin_for_all":"","_relevanssi_pin_keywords":"","_relevanssi_unpin_keywords":"","_relevanssi_related_keywords":"","_relevanssi_related_include_ids":"","_relevanssi_related_exclude_ids":"","_relevanssi_related_no_append":"","_relevanssi_related_not_related":"","_relevanssi_related_posts":"","_relevanssi_noindex_reason":"","_uag_custom_page_level_css":"","site-sidebar-layout":"default","site-content-layout":"","ast-site-content-layout":"default","site-content-style":"default","site-sidebar-style":"default","ast-global-header-display":"","ast-banner-title-visibility":"","ast-main-header-display":"","ast-hfb-above-header-display":"","ast-hfb-below-header-display":"","ast-hfb-mobile-header-display":"","site-post-title":"","ast-breadcrumbs-content":"","ast-featured-img":"","footer-sml-layout":"","ast-disable-related-posts":"","theme-transparent-header-meta":"","adv-header-id-meta":"","stick-header-meta":"","header-above-stick-meta":"","header-main-stick-meta":"","header-below-stick-meta":"","astra-migrate-meta-layouts":"default","ast-page-background-enabled":"default","ast-page-background-meta":{"desktop":{"background-color":"var(--ast-global-color-4)","background-image":"","background-repeat":"repeat","background-position":"center center","background-size":"auto","background-attachment":"scroll","background-type":"","background-media":"","overlay-type":"","overlay-color":"","overlay-opacity":"","overlay-gradient":""},"tablet":{"background-color":"","background-image":"","background-repeat":"repeat","background-position":"center center","background-size":"auto","background-attachment":"scroll","background-type":"","background-media":"","overlay-type":"","overlay-color":"","overlay-opacity":"","overlay-gradient":""},"mobile":{"background-color":"","background-image":"","background-repeat":"repeat","background-position":"center center","background-size":"auto","background-attachment":"scroll","background-type":"","background-media":"","overlay-type":"","overlay-color":"","overlay-opacity":"","overlay-gradient":""}},"ast-content-background-meta":{"desktop":{"background-color":"var(--ast-global-color-5)","background-image":"","background-repeat":"repeat","background-position":"center center","background-size":"auto","background-attachment":"scroll","background-type":"","background-media":"","overlay-type":"","overlay-color":"","overlay-opacity":"","overlay-gradient":""},"tablet":{"background-color":"var(--ast-global-color-5)","background-image":"","background-repeat":"repeat","background-position":"center center","background-size":"auto","background-attachment":"scroll","background-type":"","background-media":"","overlay-type":"","overlay-color":"","overlay-opacity":"","overlay-gradient":""},"mobile":{"background-color":"var(--ast-global-color-5)","background-image":"","background-repeat":"repeat","background-position":"center center","background-size":"auto","background-attachment":"scroll","background-type":"","background-media":"","overlay-type":"","overlay-color":"","overlay-opacity":"","overlay-gradient":""}},"footnotes":""},"class_list":["post-11931","page","type-page","status-publish","hentry"],"acf":[],"uagb_featured_image_src":{"full":false,"thumbnail":false,"medium":false,"medium_large":false,"large":false,"1536x1536":false,"2048x2048":false},"uagb_author_info":{"display_name":"Caralyn Vossen","author_link":"https:\/\/nccdh-dev.media-doc.ca\/fr\/author\/cvossenstfx-ca\/"},"uagb_comment_info":0,"uagb_excerpt":"Le Conseil consultatif fournit des conseils \u00e0 la directrice scientifique de mani\u00e8re \u00e0 \u00e9clairer et \u00e0 influencer nos travaux, et sa composition permet d\u2019obtenir une perspective pancanadienne. Les membres agissent comme liaisons entre le CCNDS et les praticiens, les \u00e9tudiants, les chercheurs, les d\u00e9cideurs et les groupes communautaires du domaine de la sant\u00e9 publique. Le\u2026","_links":{"self":[{"href":"https:\/\/nccdh-dev.media-doc.ca\/fr\/wp-json\/wp\/v2\/pages\/11931","targetHints":{"allow":["GET"]}}],"collection":[{"href":"https:\/\/nccdh-dev.media-doc.ca\/fr\/wp-json\/wp\/v2\/pages"}],"about":[{"href":"https:\/\/nccdh-dev.media-doc.ca\/fr\/wp-json\/wp\/v2\/types\/page"}],"author":[{"embeddable":true,"href":"https:\/\/nccdh-dev.media-doc.ca\/fr\/wp-json\/wp\/v2\/users\/2"}],"replies":[{"embeddable":true,"href":"https:\/\/nccdh-dev.media-doc.ca\/fr\/wp-json\/wp\/v2\/comments?post=11931"}],"version-history":[{"count":2,"href":"https:\/\/nccdh-dev.media-doc.ca\/fr\/wp-json\/wp\/v2\/pages\/11931\/revisions"}],"predecessor-version":[{"id":11933,"href":"https:\/\/nccdh-dev.media-doc.ca\/fr\/wp-json\/wp\/v2\/pages\/11931\/revisions\/11933"}],"up":[{"embeddable":true,"href":"https:\/\/nccdh-dev.media-doc.ca\/fr\/wp-json\/wp\/v2\/pages\/12135"}],"wp:attachment":[{"href":"https:\/\/nccdh-dev.media-doc.ca\/fr\/wp-json\/wp\/v2\/media?parent=11931"}],"curies":[{"name":"wp","href":"https:\/\/api.w.org\/{rel}","templated":true}]}}